{"id":9909,"date":"2025-08-29T08:39:58","date_gmt":"2025-08-29T08:39:58","guid":{"rendered":"https:\/\/luckybastards.co\/product\/the-multicolor-2-2\/"},"modified":"2025-12-12T12:56:58","modified_gmt":"2025-12-12T11:56:58","slug":"the-multicolor-2-2","status":"publish","type":"product","link":"https:\/\/luckybastards.co\/fr\/produit\/the-multicolor-2-2\/","title":{"rendered":"Le color\u00e9"},"content":{"rendered":"<p><strong>Le color\u00e9 : l'indispensable du quotidien, avec du caract\u00e8re.<\/strong><\/p>\n<p>Ce t-shirt classique unisexe offre une structure, un confort et une silhouette \u00e9pur\u00e9e qui font toute la diff\u00e9rence. Fabriqu\u00e9 \u00e0 partir de coton 100% durable, il conserve sa forme, garde ses lignes nettes et s'associe facilement \u00e0 des v\u00eatements streetwear superpos\u00e9s ou \u00e0 ton jeans pr\u00e9f\u00e9r\u00e9. Simple, polyvalent et r\u00e9solument \u00e9l\u00e9gant, exactement comme les Lucky Bastards l'aiment.<\/p>\n<ul>\n<li>100% coton<\/li>\n<li>Gris sport : 90% coton, 10% polyester<\/li>\n<li>Gris sport : 99% coton, 1% polyestere<\/li>\n<li>Couleurs \"Heather\": 50% coton, 50% polyestere<\/li>\n<li>Poids du tissu : 170-180 g\/m\u00b2<\/li>\n<li>Fil \u00e0 extr\u00e9mit\u00e9 ouverte<\/li>\n<li>Tissu tubulaire<\/li>\n<li>Col et \u00e9paules renforc\u00e9s<\/li>\n<li>Manches et ourlet inf\u00e9rieur \u00e0 double couture<\/li>\n<\/ul>\n<p>&nbsp;<\/p>\n<p>Avertissement :<\/p>\n<ul>\n<li>Le blanc peut appara\u00eetre l\u00e9g\u00e8rement cass\u00e9 en raison des caract\u00e9ristiques du tissu.<\/li>\n<li>Les couleurs naturelles peuvent contenir des \"t\u00e2ches sombres\" sur la fibre.<\/li>\n<\/ul>\n<p>&nbsp;<\/p>\n<p><em>La patience est m\u00e8re de toutes les vertus.<\/em><br \/>\n<em>Ce produit est sp\u00e9cialement con\u00e7u pour toi. Nous commen\u00e7ons la production de nos produits d\u00e8s que tu passes commande. Cette approche \u00e9vite la sur-production et est b\u00e9n\u00e9fique \u00e0 notre ch\u00e8re plan\u00e8te. N\u00e9anmoins, \u00e7a peut parfois entra\u00eener des d\u00e9lais de livraison plus longs que d'habitude. Nous te remercions d'avance pour ta patience et ta d\u00e9cision d'achat engag\u00e9e.<\/em><\/p>","protected":false},"excerpt":{"rendered":"<p>The Multicolor \u2014 the everyday essential with attitude. This unisex classic tee brings structure, comfort, and a clean silhouette that hits different. Built from [&hellip;]<\/p>","protected":false},"featured_media":10172,"comment_status":"open","ping_status":"closed","template":"","meta":{"_acf_changed":false},"product_brand":[],"product_cat":[150],"product_tag":[],"class_list":{"0":"post-9909","1":"product","2":"type-product","3":"status-publish","4":"has-post-thumbnail","6":"product_cat-t-shirts","8":"first","9":"instock","10":"taxable","11":"shipping-taxable","12":"purchasable","13":"product-type-variable"},"acf":[],"_links":{"self":[{"href":"https:\/\/luckybastards.co\/fr\/wp-json\/wp\/v2\/product\/9909","targetHints":{"allow":["GET"]}}],"collection":[{"href":"https:\/\/luckybastards.co\/fr\/wp-json\/wp\/v2\/product"}],"about":[{"href":"https:\/\/luckybastards.co\/fr\/wp-json\/wp\/v2\/types\/product"}],"replies":[{"embeddable":true,"href":"https:\/\/luckybastards.co\/fr\/wp-json\/wp\/v2\/comments?post=9909"}],"wp:featuredmedia":[{"embeddable":true,"href":"https:\/\/luckybastards.co\/fr\/wp-json\/wp\/v2\/media\/10172"}],"wp:attachment":[{"href":"https:\/\/luckybastards.co\/fr\/wp-json\/wp\/v2\/media?parent=9909"}],"wp:term":[{"taxonomy":"product_brand","embeddable":true,"href":"https:\/\/luckybastards.co\/fr\/wp-json\/wp\/v2\/product_brand?post=9909"},{"taxonomy":"product_cat","embeddable":true,"href":"https:\/\/luckybastards.co\/fr\/wp-json\/wp\/v2\/product_cat?post=9909"},{"taxonomy":"product_tag","embeddable":true,"href":"https:\/\/luckybastards.co\/fr\/wp-json\/wp\/v2\/product_tag?post=9909"}],"curies":[{"name":"wp","href":"https:\/\/api.w.org\/{rel}","templated":true}]}}