{"id":9139,"date":"2025-08-28T10:34:02","date_gmt":"2025-08-28T10:34:02","guid":{"rendered":"https:\/\/luckybastards.co\/product\/the-american-3\/"},"modified":"2025-12-12T10:46:16","modified_gmt":"2025-12-12T09:46:16","slug":"the-american-3","status":"publish","type":"product","link":"https:\/\/luckybastards.co\/fr\/produit\/the-american-3\/","title":{"rendered":"L'Am\u00e9ricain"},"content":{"rendered":"<p><strong>Fabriqu\u00e9 aux \u00c9tats-Unis. Approuv\u00e9 par Lucky Bastards.<\/strong><\/p>\n<p>L'American est con\u00e7u avec une qualit\u00e9 premium : des lignes \u00e9pur\u00e9es, du coton haut de gamme et l'\u00e9nergie incomparable de Lucky Bastards.<\/p>\n<p>Confectionn\u00e9 \u00e0 partir de coton Airlume peign\u00e9 et fil\u00e9 \u00e0 l'anneau ultra-doux, il est l\u00e9ger, r\u00e9sistant et pr\u00eat \u00e0 t'accompagner dans toutes tes aventures. Sa coupe est unisexe, sa fabrication est solide et son style est ind\u00e9niablement audacieux.<\/p>\n<p>Fabriqu\u00e9 aux \u00c9tats-Unis et port\u00e9 par ceux qui se d\u00e9marquent.<\/p>\n<p>D\u00e9tails :<\/p>\n<ul>\n<li>Couleur unie : 100 % coton peign\u00e9 et fil\u00e9 \u00e0 l'anneau Airlume<\/li>\n<li>Heather colors: cotton\/poly blend<\/li>\n<li>Poids du tissu : 142 g\/m\u00b2<\/li>\n<li>Tissu pr\u00e9-r\u00e9tr\u00e9ci<\/li>\n<li>Construction \u00e0 coutures lat\u00e9rales<\/li>\n<li>Banderolage \u00e9paule \u00e0 \u00e9paule<\/li>\n<li>Produit vierge provenant des \u00c9tats-Unis<\/li>\n<\/ul>\n<p>&nbsp;<\/p>\n<p><em>La patience est m\u00e8re de toutes les vertus.<\/em><br \/>\n<em>Ce produit est sp\u00e9cialement con\u00e7u pour toi. Nous commen\u00e7ons la production de nos produits d\u00e8s que tu passes commande. Cette approche \u00e9vite la sur-production et est b\u00e9n\u00e9fique \u00e0 notre ch\u00e8re plan\u00e8te. N\u00e9anmoins, \u00e7a peut parfois entra\u00eener des d\u00e9lais de livraison plus longs que d'habitude. Nous te remercions d'avance pour ta patience et ta d\u00e9cision d'achat engag\u00e9e.<\/em><\/p>","protected":false},"excerpt":{"rendered":"<p>American-made. Lucky Bastards approved. The American is built on the kind of quality you can feel \u2014 clean lines, premium cotton, and that unmistakable [&hellip;]<\/p>","protected":false},"featured_media":9234,"comment_status":"open","ping_status":"closed","template":"","meta":{"_acf_changed":false},"product_brand":[],"product_cat":[150],"product_tag":[],"class_list":{"0":"post-9139","1":"product","2":"type-product","3":"status-publish","4":"has-post-thumbnail","6":"product_cat-t-shirts","8":"first","9":"instock","10":"taxable","11":"shipping-taxable","12":"purchasable","13":"product-type-variable"},"acf":[],"_links":{"self":[{"href":"https:\/\/luckybastards.co\/fr\/wp-json\/wp\/v2\/product\/9139","targetHints":{"allow":["GET"]}}],"collection":[{"href":"https:\/\/luckybastards.co\/fr\/wp-json\/wp\/v2\/product"}],"about":[{"href":"https:\/\/luckybastards.co\/fr\/wp-json\/wp\/v2\/types\/product"}],"replies":[{"embeddable":true,"href":"https:\/\/luckybastards.co\/fr\/wp-json\/wp\/v2\/comments?post=9139"}],"wp:featuredmedia":[{"embeddable":true,"href":"https:\/\/luckybastards.co\/fr\/wp-json\/wp\/v2\/media\/9234"}],"wp:attachment":[{"href":"https:\/\/luckybastards.co\/fr\/wp-json\/wp\/v2\/media?parent=9139"}],"wp:term":[{"taxonomy":"product_brand","embeddable":true,"href":"https:\/\/luckybastards.co\/fr\/wp-json\/wp\/v2\/product_brand?post=9139"},{"taxonomy":"product_cat","embeddable":true,"href":"https:\/\/luckybastards.co\/fr\/wp-json\/wp\/v2\/product_cat?post=9139"},{"taxonomy":"product_tag","embeddable":true,"href":"https:\/\/luckybastards.co\/fr\/wp-json\/wp\/v2\/product_tag?post=9139"}],"curies":[{"name":"wp","href":"https:\/\/api.w.org\/{rel}","templated":true}]}}