{"id":8540,"date":"2025-08-28T07:36:25","date_gmt":"2025-08-28T07:36:25","guid":{"rendered":"https:\/\/luckybastards.co\/product\/denim-t-shirt-5\/"},"modified":"2025-12-12T10:00:20","modified_gmt":"2025-12-12T09:00:20","slug":"denim-t-shirt-5","status":"publish","type":"product","link":"https:\/\/luckybastards.co\/fr\/produit\/denim-t-shirt-5\/","title":{"rendered":"L'affirm\u00e9"},"content":{"rendered":"<p><strong>Super doux. Plus audacieux que jamais.<\/strong><\/p>\n<p>\"L'Affirm\u00e9\" est destin\u00e9 \u00e0 ceux qui n'ont pas besoin d'\u00e9lever la voix, car leur style parle d\u00e9j\u00e0 pour eux.<\/p>\n<p>Fabriqu\u00e9 \u00e0 partir de coton 100% peign\u00e9 avec un effet denim d\u00e9lav\u00e9, il est doux, respirant et con\u00e7u pour vieillir comme tes meilleurs souvenirs. Son encolure arrondie et ses poignets c\u00f4tel\u00e9s lui conf\u00e8rent une finition soign\u00e9e et structur\u00e9e, tandis que son look g\u00e9n\u00e9ral apporte une touche d\u00e9contract\u00e9e \u00e0 toutes tes tenues.<\/p>\n<p>Le confort rencontre l'audace : une valeur s\u00fbre de chez Lucky Bastards.<\/p>\n<p>D\u00e9tails :<\/p>\n<ul>\n<li>100% coton peign\u00e9<\/li>\n<li>Poids du tissu : 160 g\/m\u00b2<\/li>\n<li>Encolure arrondie<\/li>\n<li>Manches courtes avec poignets c\u00f4tel\u00e9s 1\u00d71<\/li>\n<\/ul>\n<p>Ce v\u00eatement taille l\u00e9g\u00e8rement petit. N'h\u00e9sitez pas \u00e0 choisir une taille au-dessus de votre taille habituelle.<\/p>\n<p><em>La patience est m\u00e8re de toutes les vertus.<\/em><br \/>\n<em>Ce produit est sp\u00e9cialement con\u00e7u pour toi. Nous commen\u00e7ons la production de nos produits d\u00e8s que tu passes commande. Cette approche \u00e9vite la sur-production et est b\u00e9n\u00e9fique \u00e0 notre ch\u00e8re plan\u00e8te. N\u00e9anmoins, \u00e7a peut parfois entra\u00eener des d\u00e9lais de livraison plus longs que d'habitude. Nous te remercions d'avance pour ta patience et ta d\u00e9cision d'achat engag\u00e9e.<\/em><\/p>","protected":false},"excerpt":{"rendered":"<p>Soft as hell. Bold as ever. The Assertive is the tee for people who don\u2019t need to speak louder \u2014 their style already does [&hellip;]<\/p>","protected":false},"featured_media":14103,"comment_status":"open","ping_status":"closed","template":"","meta":{"_acf_changed":false},"product_brand":[],"product_cat":[150],"product_tag":[],"class_list":{"0":"post-8540","1":"product","2":"type-product","3":"status-publish","4":"has-post-thumbnail","6":"product_cat-t-shirts","8":"first","9":"instock","10":"taxable","11":"shipping-taxable","12":"purchasable","13":"product-type-variable"},"acf":[],"_links":{"self":[{"href":"https:\/\/luckybastards.co\/fr\/wp-json\/wp\/v2\/product\/8540","targetHints":{"allow":["GET"]}}],"collection":[{"href":"https:\/\/luckybastards.co\/fr\/wp-json\/wp\/v2\/product"}],"about":[{"href":"https:\/\/luckybastards.co\/fr\/wp-json\/wp\/v2\/types\/product"}],"replies":[{"embeddable":true,"href":"https:\/\/luckybastards.co\/fr\/wp-json\/wp\/v2\/comments?post=8540"}],"wp:featuredmedia":[{"embeddable":true,"href":"https:\/\/luckybastards.co\/fr\/wp-json\/wp\/v2\/media\/14103"}],"wp:attachment":[{"href":"https:\/\/luckybastards.co\/fr\/wp-json\/wp\/v2\/media?parent=8540"}],"wp:term":[{"taxonomy":"product_brand","embeddable":true,"href":"https:\/\/luckybastards.co\/fr\/wp-json\/wp\/v2\/product_brand?post=8540"},{"taxonomy":"product_cat","embeddable":true,"href":"https:\/\/luckybastards.co\/fr\/wp-json\/wp\/v2\/product_cat?post=8540"},{"taxonomy":"product_tag","embeddable":true,"href":"https:\/\/luckybastards.co\/fr\/wp-json\/wp\/v2\/product_tag?post=8540"}],"curies":[{"name":"wp","href":"https:\/\/api.w.org\/{rel}","templated":true}]}}