{"id":8453,"date":"2025-08-28T07:04:22","date_gmt":"2025-08-28T07:04:22","guid":{"rendered":"https:\/\/luckybastards.co\/product\/denim-t-shirt\/"},"modified":"2025-12-12T12:41:05","modified_gmt":"2025-12-12T11:41:05","slug":"denim-t-shirt","status":"publish","type":"product","link":"https:\/\/luckybastards.co\/fr\/produit\/denim-t-shirt\/","title":{"rendered":"Le discret"},"content":{"rendered":"<p><strong>Discret, mais standards \u00e9lev\u00e9s.<\/strong><\/p>\n<p>Le discret est destin\u00e9 \u00e0 ceux qui pr\u00e9f\u00e8rent laisser leur pr\u00e9sence parler plus fort que les imprim\u00e9s.<\/p>\n<p>Confectionn\u00e9 \u00e0 partir de coton 100% peign\u00e9 avec une texture d\u00e9lav\u00e9e, il allie douceur, structure et style brut, marque de fabrique de Lucky Bastards. L'encolure arrondie et les poignets c\u00f4tel\u00e9s lui conf\u00e8rent une touche raffin\u00e9e, tandis que la finition d\u00e9lav\u00e9e lui donne un look audacieux sans effort.<\/p>\n<p>Simple, s\u00fbr de lui et con\u00e7u pour vieillir avec tes histoires \u2014 le summum de la discr\u00e9tion.<\/p>\n<p>D\u00e9tails :<\/p>\n<ul>\n<li>100% coton peign\u00e9<\/li>\n<li>Poids du tissu : 160 g\/m\u00b2<\/li>\n<li>Encolure arrondie<\/li>\n<li>Manches courtes avec poignets c\u00f4tel\u00e9s 1\u00d71<\/li>\n<\/ul>\n<p>&nbsp;<\/p>\n<p><em>La patience est m\u00e8re de toutes les vertus.<\/em><br \/>\n<em>Ce produit est sp\u00e9cialement con\u00e7u pour toi. Nous commen\u00e7ons la production de nos produits d\u00e8s que tu passes commande. Cette approche \u00e9vite la sur-production et est b\u00e9n\u00e9fique \u00e0 notre ch\u00e8re plan\u00e8te. N\u00e9anmoins, \u00e7a peut parfois entra\u00eener des d\u00e9lais de livraison plus longs que d'habitude. Nous te remercions d'avance pour ta patience et ta d\u00e9cision d'achat engag\u00e9e.<\/em><\/p>","protected":false},"excerpt":{"rendered":"<p>Low-key, high standards. The Low-Key tee is for those who let presence speak louder than prints. Cut from 100% combed cotton with that washed-denim [&hellip;]<\/p>","protected":false},"featured_media":8461,"comment_status":"open","ping_status":"closed","template":"","meta":{"_acf_changed":false},"product_brand":[],"product_cat":[150],"product_tag":[],"class_list":{"0":"post-8453","1":"product","2":"type-product","3":"status-publish","4":"has-post-thumbnail","6":"product_cat-t-shirts","8":"first","9":"instock","10":"taxable","11":"shipping-taxable","12":"purchasable","13":"product-type-variable"},"acf":[],"_links":{"self":[{"href":"https:\/\/luckybastards.co\/fr\/wp-json\/wp\/v2\/product\/8453","targetHints":{"allow":["GET"]}}],"collection":[{"href":"https:\/\/luckybastards.co\/fr\/wp-json\/wp\/v2\/product"}],"about":[{"href":"https:\/\/luckybastards.co\/fr\/wp-json\/wp\/v2\/types\/product"}],"replies":[{"embeddable":true,"href":"https:\/\/luckybastards.co\/fr\/wp-json\/wp\/v2\/comments?post=8453"}],"wp:featuredmedia":[{"embeddable":true,"href":"https:\/\/luckybastards.co\/fr\/wp-json\/wp\/v2\/media\/8461"}],"wp:attachment":[{"href":"https:\/\/luckybastards.co\/fr\/wp-json\/wp\/v2\/media?parent=8453"}],"wp:term":[{"taxonomy":"product_brand","embeddable":true,"href":"https:\/\/luckybastards.co\/fr\/wp-json\/wp\/v2\/product_brand?post=8453"},{"taxonomy":"product_cat","embeddable":true,"href":"https:\/\/luckybastards.co\/fr\/wp-json\/wp\/v2\/product_cat?post=8453"},{"taxonomy":"product_tag","embeddable":true,"href":"https:\/\/luckybastards.co\/fr\/wp-json\/wp\/v2\/product_tag?post=8453"}],"curies":[{"name":"wp","href":"https:\/\/api.w.org\/{rel}","templated":true}]}}