{"id":8380,"date":"2025-08-27T21:53:00","date_gmt":"2025-08-27T21:53:00","guid":{"rendered":"https:\/\/luckybastards.co\/product\/organic-in-conversion-mens-oversized-t-shirt-sols-boxy-men-03806\/"},"modified":"2026-04-30T10:39:41","modified_gmt":"2026-04-30T08:39:41","slug":"organic-in-conversion-mens-oversized-t-shirt-sols-boxy-men-03806","status":"publish","type":"product","link":"https:\/\/luckybastards.co\/fr\/produit\/organic-in-conversion-mens-oversized-t-shirt-sols-boxy-men-03806\/","title":{"rendered":"Le dur \u00e0 cuir"},"content":{"rendered":"<p><strong>Le dur \u00e0 cuir \u2014 con\u00e7u pour ceux qui ont travers\u00e9 des \u00e9preuves et qui en sont sortis plus forts.<\/strong><\/p>\n<p>Ce t-shirt oversize est confectionn\u00e9 dans un coton biologique \u00e9pais en conversion et un tissu con\u00e7u pour durer. Son logo Lucky Bastards \u00e9pur\u00e9 et minimaliste reste discret, pour laisser le style parler plus fort que les graphismes. Sa structure robuste, sa coupe et ses coutures, ainsi que ses manches tombantes d\u00e9contract\u00e9es lui conf\u00e8rent une sensation de solidit\u00e9 qui r\u00e9siste aux combats du quotidien.<\/p>\n<p>Que tu affrontes l'adversit\u00e9 ou que tu d\u00e9fendes simplement ton espace, le dur \u00e0 cuir est con\u00e7u pour t'accompagner jusqu'au bout, discr\u00e8tement, avec assurance et sans jamais avoir besoin de la ramener.<\/p>\n<ul>\n<li>100% coton biologique peign\u00e9 (en conversion)<\/li>\n<li>Coupe oversize avec manches tombantes<\/li>\n<li>Col rond<\/li>\n<li>Construction coup\u00e9e et cousue<\/li>\n<\/ul>\n<p>&nbsp;<\/p>\n<p><em>La patience est m\u00e8re de toutes les vertus.<\/em><br \/>\n<em>Ce produit est sp\u00e9cialement con\u00e7u pour toi. Nous commen\u00e7ons la production de nos produits d\u00e8s que tu passes commande. Cette approche \u00e9vite la sur-production et est b\u00e9n\u00e9fique \u00e0 notre ch\u00e8re plan\u00e8te. N\u00e9anmoins, \u00e7a peut parfois entra\u00eener des d\u00e9lais de livraison plus longs que d'habitude. Nous te remercions d'avance pour ta patience et ta d\u00e9cision d'achat engag\u00e9e.<\/em><\/p>","protected":false},"excerpt":{"rendered":"<p>The Thug \u2014 built for the ones who\u2019ve been through it and walk out harder. This oversized tee is crafted from heavy, organic cotton [&hellip;]<\/p>","protected":false},"featured_media":8400,"comment_status":"open","ping_status":"closed","template":"","meta":{"_acf_changed":false},"product_brand":[],"product_cat":[150],"product_tag":[],"class_list":{"0":"post-8380","1":"product","2":"type-product","3":"status-publish","4":"has-post-thumbnail","6":"product_cat-t-shirts","8":"first","9":"instock","10":"taxable","11":"shipping-taxable","12":"purchasable","13":"product-type-variable"},"acf":[],"_links":{"self":[{"href":"https:\/\/luckybastards.co\/fr\/wp-json\/wp\/v2\/product\/8380","targetHints":{"allow":["GET"]}}],"collection":[{"href":"https:\/\/luckybastards.co\/fr\/wp-json\/wp\/v2\/product"}],"about":[{"href":"https:\/\/luckybastards.co\/fr\/wp-json\/wp\/v2\/types\/product"}],"replies":[{"embeddable":true,"href":"https:\/\/luckybastards.co\/fr\/wp-json\/wp\/v2\/comments?post=8380"}],"wp:featuredmedia":[{"embeddable":true,"href":"https:\/\/luckybastards.co\/fr\/wp-json\/wp\/v2\/media\/8400"}],"wp:attachment":[{"href":"https:\/\/luckybastards.co\/fr\/wp-json\/wp\/v2\/media?parent=8380"}],"wp:term":[{"taxonomy":"product_brand","embeddable":true,"href":"https:\/\/luckybastards.co\/fr\/wp-json\/wp\/v2\/product_brand?post=8380"},{"taxonomy":"product_cat","embeddable":true,"href":"https:\/\/luckybastards.co\/fr\/wp-json\/wp\/v2\/product_cat?post=8380"},{"taxonomy":"product_tag","embeddable":true,"href":"https:\/\/luckybastards.co\/fr\/wp-json\/wp\/v2\/product_tag?post=8380"}],"curies":[{"name":"wp","href":"https:\/\/api.w.org\/{rel}","templated":true}]}}