{"id":6575,"date":"2025-08-17T11:37:13","date_gmt":"2025-08-17T09:37:13","guid":{"rendered":"https:\/\/luckybastards.co\/product\/luggage-tag\/"},"modified":"2025-12-12T07:50:39","modified_gmt":"2025-12-12T06:50:39","slug":"luggage-tag","status":"publish","type":"product","link":"https:\/\/luckybastards.co\/fr\/produit\/luggage-tag\/","title":{"rendered":"\u00c9tiquette de bagage"},"content":{"rendered":"<p data-start=\"183\" data-end=\"413\">Que ta valise d\u00e9file sur le tapis roulant d'un a\u00e9roport \u00e0 Bali, soit jet\u00e9e dans un Tuk-Tuk \u00e0 Bangkok ou coinc\u00e9e dans le coffre d'une voiture de location douteuse, cette \u00e9tiquette \u00e0 bagages garantit que tes affaires savent toujours \u00e0 qui elles appartiennent.<\/p>\n<p data-start=\"415\" data-end=\"753\">L\u00e9g\u00e8re, r\u00e9sistante et con\u00e7ue pour supporter les al\u00e9as du voyage, elle est dot\u00e9e d'une face avant en acrylique brillant et d'une sangle en cuir durable qui reste bien en place malgr\u00e9 les sprints, les escales et les correspondances chaotiques. Au dos, tu trouveras un emplacement pour ins\u00e9rer une carte avec tes coordonn\u00e9es. M\u00eame les Lucky Bastards ont parfois besoin d'un moyen de retrouver leurs tr\u00e9sors.<\/p>\n<p data-start=\"755\" data-end=\"802\">Voyage loin. Voyage librement. Mais ne perds plus tes affaires.<\/p>\n<p data-start=\"804\" data-end=\"977\"><strong data-start=\"804\" data-end=\"816\">D\u00e9tails :<\/strong><br data-start=\"816\" data-end=\"819\" \/>\u2022 100% acrylique<br data-start=\"833\" data-end=\"836\" \/>\u2022 Taille : 6 \u00d7 10 cm<br data-start=\"865\" data-end=\"868\" \/>\u2022 Impression brillante sur le devant<br data-start=\"888\" data-end=\"891\" \/>\u2022 Livr\u00e9 avec une sangle en cuir r\u00e9glable<br data-start=\"917\" data-end=\"920\" \/>\u2022 Fente \u00e0 l'arri\u00e8re avec emplacement pour carte avec tes coordonn\u00e9es personnelles<\/p>\n<p data-start=\"979\" data-end=\"1013\" data-is-last-node=\"\" data-is-only-node=\"\">Tes bagages ont maintenant leur pi\u00e8ce d'identit\u00e9.<\/p>\n<p data-start=\"942\" data-end=\"1036\" data-is-last-node=\"\" data-is-only-node=\"\"><em>La patience est m\u00e8re de toutes les vertus.<br \/>\n<\/em><em>Ce produit est sp\u00e9cialement con\u00e7u pour toi. Nous commen\u00e7ons la production de nos produits d\u00e8s que tu passes commande. Cette approche \u00e9vite la sur-production et est b\u00e9n\u00e9fique \u00e0 notre ch\u00e8re plan\u00e8te. N\u00e9anmoins, \u00e7a peut parfois entra\u00eener des d\u00e9lais de livraison plus longs que d'habitude. Nous te remercions d'avance pour ta patience et ta d\u00e9cision d'achat engag\u00e9e.\u00a0<\/em><\/p>","protected":false},"excerpt":{"rendered":"<p>Whether your suitcase is cruising down an airport carousel in Bali, tossed into a tuk-tuk in Bangkok, or squeezed into the trunk of a [&hellip;]<\/p>","protected":false},"featured_media":6594,"comment_status":"open","ping_status":"closed","template":"","meta":{"_acf_changed":false},"product_brand":[],"product_cat":[285],"product_tag":[],"class_list":{"0":"post-6575","1":"product","2":"type-product","3":"status-publish","4":"has-post-thumbnail","6":"product_cat-for-the-smart-ass","8":"first","9":"instock","10":"taxable","11":"shipping-taxable","12":"purchasable","13":"product-type-variable","14":"has-default-attributes"},"acf":[],"_links":{"self":[{"href":"https:\/\/luckybastards.co\/fr\/wp-json\/wp\/v2\/product\/6575","targetHints":{"allow":["GET"]}}],"collection":[{"href":"https:\/\/luckybastards.co\/fr\/wp-json\/wp\/v2\/product"}],"about":[{"href":"https:\/\/luckybastards.co\/fr\/wp-json\/wp\/v2\/types\/product"}],"replies":[{"embeddable":true,"href":"https:\/\/luckybastards.co\/fr\/wp-json\/wp\/v2\/comments?post=6575"}],"wp:featuredmedia":[{"embeddable":true,"href":"https:\/\/luckybastards.co\/fr\/wp-json\/wp\/v2\/media\/6594"}],"wp:attachment":[{"href":"https:\/\/luckybastards.co\/fr\/wp-json\/wp\/v2\/media?parent=6575"}],"wp:term":[{"taxonomy":"product_brand","embeddable":true,"href":"https:\/\/luckybastards.co\/fr\/wp-json\/wp\/v2\/product_brand?post=6575"},{"taxonomy":"product_cat","embeddable":true,"href":"https:\/\/luckybastards.co\/fr\/wp-json\/wp\/v2\/product_cat?post=6575"},{"taxonomy":"product_tag","embeddable":true,"href":"https:\/\/luckybastards.co\/fr\/wp-json\/wp\/v2\/product_tag?post=6575"}],"curies":[{"name":"wp","href":"https:\/\/api.w.org\/{rel}","templated":true}]}}