{"id":6481,"date":"2025-08-17T11:29:45","date_gmt":"2025-08-17T09:29:45","guid":{"rendered":"https:\/\/luckybastards.co\/product\/20oz-insulated-bottle\/"},"modified":"2025-12-12T09:55:40","modified_gmt":"2025-12-12T08:55:40","slug":"20oz-insulated-bottle","status":"publish","type":"product","link":"https:\/\/luckybastards.co\/fr\/produit\/20oz-insulated-bottle\/","title":{"rendered":"Bouteille isoth\u00e8rme en acier inoxydable 60cl"},"content":{"rendered":"<p data-start=\"148\" data-end=\"373\">Que tu parcoures des sentiers br\u00fbl\u00e9s par le soleil, que tu passes d'une cachette isol\u00e9e \u00e0 l'autre ou que tu t'\u00e9vades simplement dans un endroit o\u00f9 il n'y a aucun robinet en vue, cette bouteille isotherme en acier inoxydable de 600 ml te permet de rester en vie, hydrat\u00e9 et \u00e9l\u00e9gant.<\/p>\n<p data-start=\"375\" data-end=\"684\">L\u00e9ger mais ultra-r\u00e9sistant, elle est dot\u00e9 d'une double paroi isolante et d'un bouchon \u00e0 vis anti-d\u00e9versement. Tu peux donc la glisser dans ton sac, l'attacher \u00e0 ton \u00e9quipement ou la laisser tomber par terre sans t'inqui\u00e9ter. Elle garde ton eau glac\u00e9e, ton caf\u00e9 br\u00fblant et tes aventures exemptes de plastique jetable.<\/p>\n<p data-start=\"686\" data-end=\"772\">Con\u00e7u pour les longues journ\u00e9es, les longs trajets et les chanceux qui ne font pas de compromis sur le confort.<\/p>\n<p data-start=\"774\" data-end=\"940\"><strong data-start=\"774\" data-end=\"786\">D\u00e9tails :<\/strong><br data-start=\"786\" data-end=\"789\" \/>\u2022 Acier inoxydable l\u00e9ger<br data-start=\"818\" data-end=\"821\" \/>\u2022 Capacit\u00e9 de 60cl<br data-start=\"846\" data-end=\"849\" \/>\u2022 Isolation \u00e0 double paroi<br data-start=\"873\" data-end=\"876\" \/>\u2022 Bouchon \u00e0 visser en acier inoxydable avec joint en silicone<br data-start=\"925\" data-end=\"928\" \/>\u2022 Sans BPA<\/p>\n<p data-start=\"942\" data-end=\"1036\" data-is-last-node=\"\" data-is-only-node=\"\">Pr\u00eate \u00e0 voyager. Plus r\u00e9sistante. Impossible \u00e0 abandonner une fois que tu l'as emport\u00e9e pour ta premi\u00e8re escapade.<\/p>\n<p data-start=\"942\" data-end=\"1036\" data-is-last-node=\"\" data-is-only-node=\"\"><em>La patience est m\u00e8re de toutes les vertus.<br \/>\n<\/em><em>Ce produit est sp\u00e9cialement con\u00e7u pour toi. Nous commen\u00e7ons la production de nos produits d\u00e8s que tu passes commande. Cette approche \u00e9vite la sur-production et est b\u00e9n\u00e9fique \u00e0 notre ch\u00e8re plan\u00e8te. N\u00e9anmoins, \u00e7a peut parfois entra\u00eener des d\u00e9lais de livraison plus longs que d'habitude. Nous te remercions d'avance pour ta patience et ta d\u00e9cision d'achat engag\u00e9e.\u00a0<\/em><\/p>","protected":false},"excerpt":{"rendered":"<p>Whether you&#8217;re wandering through sunburnt trails, hopping between remote hideouts, or just escaping somewhere with zero taps in sight, this 20oz insulated stainless steel [&hellip;]<\/p>","protected":false},"featured_media":13968,"comment_status":"open","ping_status":"closed","template":"","meta":{"_acf_changed":false},"product_brand":[],"product_cat":[284],"product_tag":[],"class_list":{"0":"post-6481","1":"product","2":"type-product","3":"status-publish","4":"has-post-thumbnail","6":"product_cat-for-the-parched","8":"first","9":"instock","10":"taxable","11":"shipping-taxable","12":"purchasable","13":"product-type-variable","14":"has-default-attributes"},"acf":[],"_links":{"self":[{"href":"https:\/\/luckybastards.co\/fr\/wp-json\/wp\/v2\/product\/6481","targetHints":{"allow":["GET"]}}],"collection":[{"href":"https:\/\/luckybastards.co\/fr\/wp-json\/wp\/v2\/product"}],"about":[{"href":"https:\/\/luckybastards.co\/fr\/wp-json\/wp\/v2\/types\/product"}],"replies":[{"embeddable":true,"href":"https:\/\/luckybastards.co\/fr\/wp-json\/wp\/v2\/comments?post=6481"}],"wp:featuredmedia":[{"embeddable":true,"href":"https:\/\/luckybastards.co\/fr\/wp-json\/wp\/v2\/media\/13968"}],"wp:attachment":[{"href":"https:\/\/luckybastards.co\/fr\/wp-json\/wp\/v2\/media?parent=6481"}],"wp:term":[{"taxonomy":"product_brand","embeddable":true,"href":"https:\/\/luckybastards.co\/fr\/wp-json\/wp\/v2\/product_brand?post=6481"},{"taxonomy":"product_cat","embeddable":true,"href":"https:\/\/luckybastards.co\/fr\/wp-json\/wp\/v2\/product_cat?post=6481"},{"taxonomy":"product_tag","embeddable":true,"href":"https:\/\/luckybastards.co\/fr\/wp-json\/wp\/v2\/product_tag?post=6481"}],"curies":[{"name":"wp","href":"https:\/\/api.w.org\/{rel}","templated":true}]}}