{"id":5991,"date":"2025-08-16T17:01:37","date_gmt":"2025-08-16T17:01:37","guid":{"rendered":"https:\/\/luckybastards.co\/product\/vintage-cotton-twill-cap\/"},"modified":"2025-12-12T14:29:37","modified_gmt":"2025-12-12T13:29:37","slug":"vintage-cotton-twill-cap","status":"publish","type":"product","link":"https:\/\/luckybastards.co\/fr\/produit\/vintage-cotton-twill-cap\/","title":{"rendered":"La vintage"},"content":{"rendered":"<p>Une casquette dad hat ? Bien s\u00fbr. Mais celle-ci est diff\u00e9rente.<\/p>\n<p>Confectionn\u00e9e en serg\u00e9 100% coton avec une finition vintage d\u00e9lav\u00e9e, la casquette Vintage offre un look d\u00e9contract\u00e9 et us\u00e9 qui s'embellit avec le temps. Le logo Lucky Bastards brod\u00e9 ajoute une touche \u00e9pur\u00e9e et raffin\u00e9e, tandis que la forme non structur\u00e9e \u00e0 6 panneaux et \u00e0 profil bas lui conf\u00e8re un style d\u00e9contract\u00e9 et intemporel.<\/p>\n<p>Avec ses \u0153illets respirants, son bandeau anti-transpiration noir et sa boucle en m\u00e9tal antique-laiton pour un ajustement parfait, cette casquette est la d\u00e9finition m\u00eame du style d\u00e9contract\u00e9 : enfile-la et pars vivre tes aventures.<\/p>\n<p>D\u00e9tails :<\/p>\n<ul>\n<li>100 % coton serg\u00e9<\/li>\n<li>Design discret, 6 panneaux non structur\u00e9s<\/li>\n<li>6 \u0153illets cousus<\/li>\n<li>Bandeau noir<\/li>\n<li>Boucle \u00e0 pression m\u00e9tallique avec finition laiton antique<\/li>\n<li>Effet vintage d\u00e9lav\u00e9<\/li>\n<\/ul>\n<p>&nbsp;<\/p>\n<p><em>La patience est m\u00e8re de toutes les vertus.<\/em><br \/>\n<em>Ce produit est sp\u00e9cialement con\u00e7u pour toi. Nous commen\u00e7ons la production de nos produits d\u00e8s que tu passes commande. Cette approche \u00e9vite la sur-production et est b\u00e9n\u00e9fique \u00e0 notre ch\u00e8re plan\u00e8te. N\u00e9anmoins, \u00e7a peut parfois entra\u00eener des d\u00e9lais de livraison plus longs que d'habitude. Nous te remercions d'avance pour ta patience et ta d\u00e9cision d'achat engag\u00e9e.<\/em><\/p>","protected":false},"excerpt":{"rendered":"<p>Dad cap? Sure. But this one hits different. Crafted from 100% cotton twill with a washed-out vintage finish, the Vintage brings that effortless, lived-in [&hellip;]<\/p>","protected":false},"featured_media":6000,"comment_status":"open","ping_status":"closed","template":"","meta":{"_acf_changed":false},"product_brand":[],"product_cat":[177],"product_tag":[],"class_list":{"0":"post-5991","1":"product","2":"type-product","3":"status-publish","4":"has-post-thumbnail","6":"product_cat-caps","8":"first","9":"instock","10":"taxable","11":"shipping-taxable","12":"purchasable","13":"product-type-variable"},"acf":[],"_links":{"self":[{"href":"https:\/\/luckybastards.co\/fr\/wp-json\/wp\/v2\/product\/5991","targetHints":{"allow":["GET"]}}],"collection":[{"href":"https:\/\/luckybastards.co\/fr\/wp-json\/wp\/v2\/product"}],"about":[{"href":"https:\/\/luckybastards.co\/fr\/wp-json\/wp\/v2\/types\/product"}],"replies":[{"embeddable":true,"href":"https:\/\/luckybastards.co\/fr\/wp-json\/wp\/v2\/comments?post=5991"}],"wp:featuredmedia":[{"embeddable":true,"href":"https:\/\/luckybastards.co\/fr\/wp-json\/wp\/v2\/media\/6000"}],"wp:attachment":[{"href":"https:\/\/luckybastards.co\/fr\/wp-json\/wp\/v2\/media?parent=5991"}],"wp:term":[{"taxonomy":"product_brand","embeddable":true,"href":"https:\/\/luckybastards.co\/fr\/wp-json\/wp\/v2\/product_brand?post=5991"},{"taxonomy":"product_cat","embeddable":true,"href":"https:\/\/luckybastards.co\/fr\/wp-json\/wp\/v2\/product_cat?post=5991"},{"taxonomy":"product_tag","embeddable":true,"href":"https:\/\/luckybastards.co\/fr\/wp-json\/wp\/v2\/product_tag?post=5991"}],"curies":[{"name":"wp","href":"https:\/\/api.w.org\/{rel}","templated":true}]}}