{"id":14229,"date":"2025-12-07T20:16:12","date_gmt":"2025-12-07T19:16:12","guid":{"rendered":"https:\/\/luckybastards.co\/product\/pastel-baseball-hat\/"},"modified":"2025-12-12T12:57:20","modified_gmt":"2025-12-12T11:57:20","slug":"pastel-baseball-hat","status":"publish","type":"product","link":"https:\/\/luckybastards.co\/fr\/produit\/pastel-baseball-hat\/","title":{"rendered":"La past\u00e8le"},"content":{"rendered":"<p>Douce, \u00e9pur\u00e9e et naturellement tendance, cette casquette de baseball aux couleurs pastel est ton arme secr\u00e8te pour un style frais et d\u00e9contract\u00e9.<\/p>\n<p>Fabriqu\u00e9e \u00e0 partir de coton chino 100%, elle pr\u00e9sente une couronne souple et non structur\u00e9e, une forme classique \u00e0 6 panneaux et un profil bas, ainsi qu'une visi\u00e8re pr\u00e9-courb\u00e9e qui lui donne toujours un look parfait. Les \u0153illets cousus assurent une bonne respirabilit\u00e9, tandis que la sangle en tissu assorti avec boucle \u00e0 triple glissi\u00e8re t'offre un ajustement personnalis\u00e9 parfait.<\/p>\n<p>L\u00e9ger, polyvalente et con\u00e7ue pour bonifier toutes tes tenues, des journ\u00e9es d\u00e9contract\u00e9es \u00e0 tes d\u00e9gaines les plus soign\u00e9s.<\/p>\n<p>Une touche past\u00e8le \u00e0 la sauce Lucky Bastards.<\/p>\n<p><em>La patience est m\u00e8re de toutes les vertus.<\/em><br \/>\n<em>Ce produit est sp\u00e9cialement con\u00e7u pour toi. Nous commen\u00e7ons la production de nos produits d\u00e8s que tu passes commande. Cette approche \u00e9vite la sur-production et est b\u00e9n\u00e9fique \u00e0 notre ch\u00e8re plan\u00e8te. N\u00e9anmoins, \u00e7a peut parfois entra\u00eener des d\u00e9lais de livraison plus longs que d'habitude. Nous te remercions d'avance pour ta patience et ta d\u00e9cision d'achat engag\u00e9e.<\/em><\/p>","protected":false},"excerpt":{"rendered":"<p>Soft, clean, and effortlessly cool \u2014 this pastel baseball cap is your secret weapon for fresh, easy style. Made from 100% chino cotton, it [&hellip;]<\/p>","protected":false},"featured_media":14236,"comment_status":"open","ping_status":"closed","template":"","meta":{"_acf_changed":false},"product_brand":[],"product_cat":[177],"product_tag":[],"class_list":{"0":"post-14229","1":"product","2":"type-product","3":"status-publish","4":"has-post-thumbnail","6":"product_cat-caps","8":"first","9":"instock","10":"taxable","11":"shipping-taxable","12":"purchasable","13":"product-type-variable"},"acf":[],"_links":{"self":[{"href":"https:\/\/luckybastards.co\/fr\/wp-json\/wp\/v2\/product\/14229","targetHints":{"allow":["GET"]}}],"collection":[{"href":"https:\/\/luckybastards.co\/fr\/wp-json\/wp\/v2\/product"}],"about":[{"href":"https:\/\/luckybastards.co\/fr\/wp-json\/wp\/v2\/types\/product"}],"replies":[{"embeddable":true,"href":"https:\/\/luckybastards.co\/fr\/wp-json\/wp\/v2\/comments?post=14229"}],"wp:featuredmedia":[{"embeddable":true,"href":"https:\/\/luckybastards.co\/fr\/wp-json\/wp\/v2\/media\/14236"}],"wp:attachment":[{"href":"https:\/\/luckybastards.co\/fr\/wp-json\/wp\/v2\/media?parent=14229"}],"wp:term":[{"taxonomy":"product_brand","embeddable":true,"href":"https:\/\/luckybastards.co\/fr\/wp-json\/wp\/v2\/product_brand?post=14229"},{"taxonomy":"product_cat","embeddable":true,"href":"https:\/\/luckybastards.co\/fr\/wp-json\/wp\/v2\/product_cat?post=14229"},{"taxonomy":"product_tag","embeddable":true,"href":"https:\/\/luckybastards.co\/fr\/wp-json\/wp\/v2\/product_tag?post=14229"}],"curies":[{"name":"wp","href":"https:\/\/api.w.org\/{rel}","templated":true}]}}