{"id":12621,"date":"2025-09-04T23:39:46","date_gmt":"2025-09-04T21:39:46","guid":{"rendered":"https:\/\/luckybastards.co\/product\/the-vacationer\/"},"modified":"2025-12-12T14:28:47","modified_gmt":"2025-12-12T13:28:47","slug":"the-vacationer","status":"publish","type":"product","link":"https:\/\/luckybastards.co\/fr\/produit\/the-vacationer\/","title":{"rendered":"Le vacancier"},"content":{"rendered":"<p data-start=\"163\" data-end=\"621\"><strong data-start=\"163\" data-end=\"221\">Le vacancier \u2014 ton nouveau partenaire pour des escapades sans souci.<\/strong><br data-start=\"221\" data-end=\"224\" \/>Con\u00e7ue pour les escapades ensoleill\u00e9es, les longs week-ends et les voyages improvis\u00e9s, cette valise allie style et fonctionnalit\u00e9. La face avant en polycarbonate \u00e9l\u00e9gant et la face arri\u00e8re rigide en ABS prot\u00e8gent tes effets personnels, tandis que sa conception l\u00e9g\u00e8re facilite les d\u00e9placements \u00e0 l'a\u00e9roport et les allers-retours \u00e0 l'h\u00f4tel. \u00c0 l'int\u00e9rieur, tu trouveras une doublure amovible \u00e9pur\u00e9e et deux poches spacieuses pour ranger tes essentiels de vacances de mani\u00e8re ordonn\u00e9e.<\/p>\n<p data-start=\"623\" data-end=\"835\">Faufile-toi dans les terminaux gr\u00e2ce aux roulettes doubles \u00e0 360\u00b0 tr\u00e8s maniables, r\u00e8gle la hauteur id\u00e9ale \u00e0 l'aide de la poign\u00e9e t\u00e9lescopique ajustable et verrouille le tout gr\u00e2ce au syst\u00e8me de s\u00e9curit\u00e9 int\u00e9gr\u00e9. Simple. D\u00e9tendu. Pr\u00eat pour le d\u00e9collage.<\/p>\n<ul>\n<li data-start=\"837\" data-end=\"1064\">Face avant en polycarbonate + face arri\u00e8re rigide en ABS<\/li>\n<li data-start=\"837\" data-end=\"1064\">Poign\u00e9e t\u00e9lescopique r\u00e9glable<\/li>\n<li data-start=\"837\" data-end=\"1064\">Doublure int\u00e9rieure amovible avec joint en caoutchouc<\/li>\n<li data-start=\"837\" data-end=\"1064\">Deux pochettes int\u00e9rieures<\/li>\n<li data-start=\"837\" data-end=\"1064\">Quatre roulettes doubles pivotantes \u00e0 360\u00b0<\/li>\n<li data-start=\"837\" data-end=\"1064\">Serrure int\u00e9gr\u00e9e<\/li>\n<\/ul>\n<p>&nbsp;<\/p>\n<p data-start=\"942\" data-end=\"1036\" data-is-last-node=\"\" data-is-only-node=\"\"><em>La patience est m\u00e8re de toutes les vertus.<br \/>\n<\/em><em>Ce produit est sp\u00e9cialement con\u00e7u pour toi. Nous commen\u00e7ons la production de nos produits d\u00e8s que tu passes commande. Cette approche \u00e9vite la sur-production et est b\u00e9n\u00e9fique \u00e0 notre ch\u00e8re plan\u00e8te. N\u00e9anmoins, \u00e7a peut parfois entra\u00eener des d\u00e9lais de livraison plus longs que d'habitude. Nous te remercions d'avance pour ta patience et ta d\u00e9cision d'achat engag\u00e9e.\u00a0<\/em><\/p>","protected":false},"excerpt":{"rendered":"<p>The Vacationer \u2014 your new partner in carefree escapes.Built for sunny getaways, long weekends, and spontaneous trips, this suitcase mixes style with effortless practicality. [&hellip;]<\/p>","protected":false},"featured_media":13949,"comment_status":"open","ping_status":"closed","template":"","meta":{"_acf_changed":false},"product_brand":[],"product_cat":[290,203],"product_tag":[],"class_list":{"0":"post-12621","1":"product","2":"type-product","3":"status-publish","4":"has-post-thumbnail","6":"product_cat-for-the-wanderers","7":"product_cat-suitcases","9":"first","10":"instock","11":"taxable","12":"shipping-taxable","13":"purchasable","14":"product-type-variable","15":"has-default-attributes"},"acf":[],"_links":{"self":[{"href":"https:\/\/luckybastards.co\/fr\/wp-json\/wp\/v2\/product\/12621","targetHints":{"allow":["GET"]}}],"collection":[{"href":"https:\/\/luckybastards.co\/fr\/wp-json\/wp\/v2\/product"}],"about":[{"href":"https:\/\/luckybastards.co\/fr\/wp-json\/wp\/v2\/types\/product"}],"replies":[{"embeddable":true,"href":"https:\/\/luckybastards.co\/fr\/wp-json\/wp\/v2\/comments?post=12621"}],"wp:featuredmedia":[{"embeddable":true,"href":"https:\/\/luckybastards.co\/fr\/wp-json\/wp\/v2\/media\/13949"}],"wp:attachment":[{"href":"https:\/\/luckybastards.co\/fr\/wp-json\/wp\/v2\/media?parent=12621"}],"wp:term":[{"taxonomy":"product_brand","embeddable":true,"href":"https:\/\/luckybastards.co\/fr\/wp-json\/wp\/v2\/product_brand?post=12621"},{"taxonomy":"product_cat","embeddable":true,"href":"https:\/\/luckybastards.co\/fr\/wp-json\/wp\/v2\/product_cat?post=12621"},{"taxonomy":"product_tag","embeddable":true,"href":"https:\/\/luckybastards.co\/fr\/wp-json\/wp\/v2\/product_tag?post=12621"}],"curies":[{"name":"wp","href":"https:\/\/api.w.org\/{rel}","templated":true}]}}