{"id":12615,"date":"2025-09-04T21:29:16","date_gmt":"2025-09-04T21:29:16","guid":{"rendered":"https:\/\/luckybastards.co\/product\/copy-of-wireless-charger\/"},"modified":"2025-12-12T14:47:35","modified_gmt":"2025-12-12T13:47:35","slug":"copy-of-wireless-charger","status":"publish","type":"product","link":"https:\/\/luckybastards.co\/fr\/produit\/copy-of-wireless-charger\/","title":{"rendered":"Chargeur sans fil"},"content":{"rendered":"<p>Recouvert d'un bo\u00eetier en aluminium haut de gamme et dot\u00e9 d'une fa\u00e7ade en acrylique brillante, cet \u00e9l\u00e9gant chargeur sans fil de 10W permet de recharger tes appareils sans t'encombrer de c\u00e2bles emm\u00eal\u00e9s, sans te prendre la t\u00eate et sans avoir \u00e0 chercher tes c\u00e2bles dans le noir. Il te suffit de poser ton t\u00e9l\u00e9phone, de laisser la magie op\u00e9rer et de te remettre \u00e0 planifier ta prochaine escapade.<\/p>\n<p>Compatible avec tous les appareils iPhone et Android modernes, il te permet de recharger rapidement et facilement tes appareils o\u00f9 que tu sois, que ce soit dans les salons d'a\u00e9roport, les chambres d'h\u00f4tel ou chez toi.<\/p>\n<p>Recharge comme tu vis : sans fil, sans crainte et sans complexe.<\/p>\n<p>D\u00e9tails :<\/p>\n<ul>\n<li>Mat\u00e9riaux : bo\u00eetier 100 % aluminium + plaque frontale en acrylique<\/li>\n<li>Dimensions : 10cm de diam\u00e8tre, 0,8cm d'\u00e9paisseur<\/li>\n<li>Base noire<\/li>\n<li>Charge sans fil 10W<\/li>\n<li>Comprend un c\u00e2ble micro USB de 120cm<\/li>\n<\/ul>\n<p>Recharge. Sans attache.<\/p>\n<p><em>La patience est m\u00e8re de toutes les vertus.<\/em><br \/>\n<em>Ce produit est sp\u00e9cialement con\u00e7u pour toi. Nous commen\u00e7ons la production de nos produits d\u00e8s que tu passes commande. Cette approche \u00e9vite la sur-production et est b\u00e9n\u00e9fique \u00e0 notre ch\u00e8re plan\u00e8te. N\u00e9anmoins, \u00e7a peut parfois entra\u00eener des d\u00e9lais de livraison plus longs que d'habitude. Nous te remercions d'avance pour ta patience et ta d\u00e9cision d'achat engag\u00e9e.<\/em><\/p>","protected":false},"excerpt":{"rendered":"<p>Wrapped in a premium aluminum casing with a crisp acrylic face plate, this sleek 10W wireless charger keeps your lifeline powered without the tangle, [&hellip;]<\/p>","protected":false},"featured_media":12620,"comment_status":"open","ping_status":"closed","template":"","meta":{"_acf_changed":false},"product_brand":[],"product_cat":[285],"product_tag":[],"class_list":{"0":"post-12615","1":"product","2":"type-product","3":"status-publish","4":"has-post-thumbnail","6":"product_cat-for-the-smart-ass","8":"first","9":"instock","10":"taxable","11":"shipping-taxable","12":"purchasable","13":"product-type-variable","14":"has-default-attributes"},"acf":[],"_links":{"self":[{"href":"https:\/\/luckybastards.co\/fr\/wp-json\/wp\/v2\/product\/12615","targetHints":{"allow":["GET"]}}],"collection":[{"href":"https:\/\/luckybastards.co\/fr\/wp-json\/wp\/v2\/product"}],"about":[{"href":"https:\/\/luckybastards.co\/fr\/wp-json\/wp\/v2\/types\/product"}],"replies":[{"embeddable":true,"href":"https:\/\/luckybastards.co\/fr\/wp-json\/wp\/v2\/comments?post=12615"}],"wp:featuredmedia":[{"embeddable":true,"href":"https:\/\/luckybastards.co\/fr\/wp-json\/wp\/v2\/media\/12620"}],"wp:attachment":[{"href":"https:\/\/luckybastards.co\/fr\/wp-json\/wp\/v2\/media?parent=12615"}],"wp:term":[{"taxonomy":"product_brand","embeddable":true,"href":"https:\/\/luckybastards.co\/fr\/wp-json\/wp\/v2\/product_brand?post=12615"},{"taxonomy":"product_cat","embeddable":true,"href":"https:\/\/luckybastards.co\/fr\/wp-json\/wp\/v2\/product_cat?post=12615"},{"taxonomy":"product_tag","embeddable":true,"href":"https:\/\/luckybastards.co\/fr\/wp-json\/wp\/v2\/product_tag?post=12615"}],"curies":[{"name":"wp","href":"https:\/\/api.w.org\/{rel}","templated":true}]}}