{"id":12546,"date":"2025-09-03T21:32:15","date_gmt":"2025-09-03T19:32:15","guid":{"rendered":"https:\/\/luckybastards.co\/product\/black-mug-11oz-15oz\/"},"modified":"2025-12-12T07:48:52","modified_gmt":"2025-12-12T06:48:52","slug":"black-mug-11oz-15oz","status":"publish","type":"product","link":"https:\/\/luckybastards.co\/fr\/produit\/black-mug-11oz-15oz\/","title":{"rendered":"Mug noir (32 - 45 cl)"},"content":{"rendered":"<p data-start=\"140\" data-end=\"571\">Commence ta journ\u00e9e comme un Lucky Bastard.<br data-start=\"176\" data-end=\"179\" \/>Que ce soit avec du caf\u00e9, du th\u00e9 ou quelque chose de plus fort (on ne juge pas), cette tasse en c\u00e9ramique noire transforme chaque gorg\u00e9e en une d\u00e9claration. Fabriqu\u00e9e \u00e0 partir de c\u00e9ramique durable sans BPA (Bisph\u00e9nol A) avec une finition brillante, elle est con\u00e7ue pour r\u00e9sister au micro-ondes, au lave-vaisselle et \u00e0 vos matins les plus charg\u00e9s. Le logo ressort gr\u00e2ce \u00e0 une impression par sublimation de haute qualit\u00e9, ce qui en fait le genre de tasse que les gens essaient \u00ab accidentellement \u00bb de voler \u00e0 l'auberge, dans la coloc ou au bureau.<\/p>\n<p data-start=\"573\" data-end=\"737\">Disponible en deux tailles, 33 cl pour les personnes civilis\u00e9es et 45 cl pour celles qui manquent de sommeil, c'est le compagnon id\u00e9al au quotidien pour tous ceux qui prennent leurs boissons chaudes au s\u00e9rieux.<\/p>\n<p data-start=\"739\" data-end=\"852\"><em data-start=\"739\" data-end=\"852\">Remarque : on peut observer des nuances de noir entre la partie en c\u00e9ramique la partie imprim\u00e9e, mais \u00e7a fait partie de son charme.<\/em><\/p>\n<p data-start=\"854\" data-end=\"1036\"><strong data-start=\"854\" data-end=\"866\">D\u00e9tails :<\/strong><br data-start=\"866\" data-end=\"869\" \/>\u2022 100 % c\u00e9ramique durable, finition brillante<br data-start=\"906\" data-end=\"909\" \/>\u2022 Tailles : 11 oz (0,33 l) et 15 oz (0,44 l)<br data-start=\"947\" data-end=\"950\" \/>\u2022 Anse en forme de C facile \u00e0 saisir<br data-start=\"977\" data-end=\"980\" \/>\u2022 Passe au micro-ondes et au lave-vaisselle<br data-start=\"1009\" data-end=\"1012\" \/>\u2022 Sans plomb et sans BPA<\/p>\n<p data-start=\"942\" data-end=\"1036\" data-is-last-node=\"\" data-is-only-node=\"\"><em>La patience est m\u00e8re de toutes les vertus.<br \/>\n<\/em><em>Ce produit est sp\u00e9cialement con\u00e7u pour toi. Nous commen\u00e7ons la production de nos produits d\u00e8s que tu passes commande. Cette approche \u00e9vite la sur-production et est b\u00e9n\u00e9fique \u00e0 notre ch\u00e8re plan\u00e8te. N\u00e9anmoins, \u00e7a peut parfois entra\u00eener des d\u00e9lais de livraison plus longs que d'habitude. Nous te remercions d'avance pour ta patience et ta d\u00e9cision d'achat engag\u00e9e.\u00a0<\/em><\/p>","protected":false},"excerpt":{"rendered":"<p>Start your day like a Lucky Bastard.Whether it\u2019s coffee, tea, or something stronger (we don\u2019t judge), this black ceramic mug turns every sip into [&hellip;]<\/p>","protected":false},"featured_media":12549,"comment_status":"open","ping_status":"closed","template":"","meta":{"_acf_changed":false},"product_brand":[],"product_cat":[284],"product_tag":[],"class_list":{"0":"post-12546","1":"product","2":"type-product","3":"status-publish","4":"has-post-thumbnail","6":"product_cat-for-the-parched","8":"first","9":"instock","10":"taxable","11":"shipping-taxable","12":"purchasable","13":"product-type-variable","14":"has-default-attributes"},"acf":[],"_links":{"self":[{"href":"https:\/\/luckybastards.co\/fr\/wp-json\/wp\/v2\/product\/12546","targetHints":{"allow":["GET"]}}],"collection":[{"href":"https:\/\/luckybastards.co\/fr\/wp-json\/wp\/v2\/product"}],"about":[{"href":"https:\/\/luckybastards.co\/fr\/wp-json\/wp\/v2\/types\/product"}],"replies":[{"embeddable":true,"href":"https:\/\/luckybastards.co\/fr\/wp-json\/wp\/v2\/comments?post=12546"}],"wp:featuredmedia":[{"embeddable":true,"href":"https:\/\/luckybastards.co\/fr\/wp-json\/wp\/v2\/media\/12549"}],"wp:attachment":[{"href":"https:\/\/luckybastards.co\/fr\/wp-json\/wp\/v2\/media?parent=12546"}],"wp:term":[{"taxonomy":"product_brand","embeddable":true,"href":"https:\/\/luckybastards.co\/fr\/wp-json\/wp\/v2\/product_brand?post=12546"},{"taxonomy":"product_cat","embeddable":true,"href":"https:\/\/luckybastards.co\/fr\/wp-json\/wp\/v2\/product_cat?post=12546"},{"taxonomy":"product_tag","embeddable":true,"href":"https:\/\/luckybastards.co\/fr\/wp-json\/wp\/v2\/product_tag?post=12546"}],"curies":[{"name":"wp","href":"https:\/\/api.w.org\/{rel}","templated":true}]}}