{"id":12535,"date":"2025-09-03T21:25:24","date_gmt":"2025-09-03T19:25:24","guid":{"rendered":"https:\/\/luckybastards.co\/product\/metallic-mug-silvergold\/"},"modified":"2025-12-12T07:49:02","modified_gmt":"2025-12-12T06:49:02","slug":"metallic-mug-silvergold","status":"publish","type":"product","link":"https:\/\/luckybastards.co\/fr\/produit\/metallic-mug-silvergold\/","title":{"rendered":"Mug m\u00e9tallique (Argent ou Or)"},"content":{"rendered":"<p data-start=\"155\" data-end=\"492\">Commencez votre journ\u00e9e avec un peu d'\u00e9clat et beaucoup de style.<br data-start=\"212\" data-end=\"215\" \/>Cette tasse m\u00e9tallique de 33cl transforme chaque gorg\u00e9e en un moment de plaisir, gr\u00e2ce \u00e0 sa structure en c\u00e9ramique \u00e9l\u00e9gante recouverte d'une finition dor\u00e9e ou argent\u00e9e audacieuse. C'est le genre de tasse qui capte la lumi\u00e8re - et l'attention de tous - que tu sois en pleine forme le matin ou que tu te d\u00e9tendes apr\u00e8s une longue journ\u00e9e.<\/p>\n<p data-start=\"494\" data-end=\"757\">Le logo Lucky Bastards est imprim\u00e9 de mani\u00e8re nette et pr\u00e9cise sur la surface m\u00e9tallique... comme une d\u00e9claration.<\/p>\n<p data-start=\"759\" data-end=\"975\"><strong data-start=\"759\" data-end=\"771\">D\u00e9tails :<\/strong><br data-start=\"771\" data-end=\"774\" \/>\u2022 11oz (0.33 l)<br data-start=\"789\" data-end=\"792\" \/>\u2022 Finition m\u00e9tallique dor\u00e9e ou argent\u00e9e de qualit\u00e9 sup\u00e9rieure<br data-start=\"832\" data-end=\"835\" \/>\u2022 Anse classique en C<br data-start=\"853\" data-end=\"856\" \/>\u2022 Aucun m\u00e9tal pr\u00e9cieux utilis\u00e9, juste un style pr\u00e9cieux<\/p>\n<p data-start=\"942\" data-end=\"1036\" data-is-last-node=\"\" data-is-only-node=\"\"><em>La patience est m\u00e8re de toutes les vertus.<br \/>\n<\/em><em>Ce produit est sp\u00e9cialement con\u00e7u pour toi. Nous commen\u00e7ons la production de nos produits d\u00e8s que tu passes commande. Cette approche \u00e9vite la sur-production et est b\u00e9n\u00e9fique \u00e0 notre ch\u00e8re plan\u00e8te. N\u00e9anmoins, \u00e7a peut parfois entra\u00eener des d\u00e9lais de livraison plus longs que d'habitude. Nous te remercions d'avance pour ta patience et ta d\u00e9cision d'achat engag\u00e9e.\u00a0<\/em><\/p>","protected":false},"excerpt":{"rendered":"<p>Start your day with a little shine and a lot of attitude.This 11oz metallic mug turns every sip into a flex, thanks to its [&hellip;]<\/p>","protected":false},"featured_media":12542,"comment_status":"open","ping_status":"closed","template":"","meta":{"_acf_changed":false},"product_brand":[],"product_cat":[284],"product_tag":[],"class_list":{"0":"post-12535","1":"product","2":"type-product","3":"status-publish","4":"has-post-thumbnail","6":"product_cat-for-the-parched","8":"first","9":"instock","10":"taxable","11":"shipping-taxable","12":"purchasable","13":"product-type-variable","14":"has-default-attributes"},"acf":[],"_links":{"self":[{"href":"https:\/\/luckybastards.co\/fr\/wp-json\/wp\/v2\/product\/12535","targetHints":{"allow":["GET"]}}],"collection":[{"href":"https:\/\/luckybastards.co\/fr\/wp-json\/wp\/v2\/product"}],"about":[{"href":"https:\/\/luckybastards.co\/fr\/wp-json\/wp\/v2\/types\/product"}],"replies":[{"embeddable":true,"href":"https:\/\/luckybastards.co\/fr\/wp-json\/wp\/v2\/comments?post=12535"}],"wp:featuredmedia":[{"embeddable":true,"href":"https:\/\/luckybastards.co\/fr\/wp-json\/wp\/v2\/media\/12542"}],"wp:attachment":[{"href":"https:\/\/luckybastards.co\/fr\/wp-json\/wp\/v2\/media?parent=12535"}],"wp:term":[{"taxonomy":"product_brand","embeddable":true,"href":"https:\/\/luckybastards.co\/fr\/wp-json\/wp\/v2\/product_brand?post=12535"},{"taxonomy":"product_cat","embeddable":true,"href":"https:\/\/luckybastards.co\/fr\/wp-json\/wp\/v2\/product_cat?post=12535"},{"taxonomy":"product_tag","embeddable":true,"href":"https:\/\/luckybastards.co\/fr\/wp-json\/wp\/v2\/product_tag?post=12535"}],"curies":[{"name":"wp","href":"https:\/\/api.w.org\/{rel}","templated":true}]}}