{"id":12529,"date":"2025-09-03T21:19:07","date_gmt":"2025-09-03T19:19:07","guid":{"rendered":"https:\/\/luckybastards.co\/product\/glass-mug-10oz\/"},"modified":"2025-12-12T07:49:16","modified_gmt":"2025-12-12T06:49:16","slug":"glass-mug-10oz","status":"publish","type":"product","link":"https:\/\/luckybastards.co\/fr\/produit\/glass-mug-10oz\/","title":{"rendered":"Mug en verre (30 cl)"},"content":{"rendered":"<p data-start=\"108\" data-end=\"489\">D\u00e9marre litt\u00e9ralement tes matin\u00e9es avec clart\u00e9.<br data-start=\"153\" data-end=\"156\" \/>Cette tasse en verre de 30cl est \u00e9l\u00e9gante, moderne et r\u00e9solument audacieuse, \u00e0 l'image d'un Lucky Bastard. Son design transparent met ta boisson en valeur, tandis que le logo ajoute cette touche subtile dont ta routine matinale a besoin. L\u00e9g\u00e8re mais r\u00e9sistante, elle est parfaite pour les boissons chaudes, les boissons glac\u00e9es ou tout ce qui te donne de l'\u00e9nergie pour la journ\u00e9e.<\/p>\n<p data-start=\"491\" data-end=\"637\">Lavable au lave-vaisselle, sans plomb et con\u00e7u pour sublimer chaque gorg\u00e9e, de ton premier espresso \u00e0 ta tisane de fin de soir\u00e9e (ou quelque chose de plus fort...).<\/p>\n<p data-start=\"639\" data-end=\"771\"><strong data-start=\"639\" data-end=\"651\">D\u00e9tails :<\/strong><br data-start=\"651\" data-end=\"654\" \/>\u2022 Capacit\u00e9 de 30cl<br data-start=\"677\" data-end=\"680\" \/>\u2022 Verre transparent<br data-start=\"714\" data-end=\"717\" \/>\u2022 Poign\u00e9e facile \u00e0 saisir<br data-start=\"735\" data-end=\"738\" \/>\u2022 Passe au lave vaisselle<br data-start=\"755\" data-end=\"758\" \/>\u2022 Sans plomb<\/p>\n<p data-start=\"942\" data-end=\"1036\" data-is-last-node=\"\" data-is-only-node=\"\"><em>La patience est m\u00e8re de toutes les vertus.<br \/>\n<\/em><em>Ce produit est sp\u00e9cialement con\u00e7u pour toi. Nous commen\u00e7ons la production de nos produits d\u00e8s que tu passes commande. Cette approche \u00e9vite la sur-production et est b\u00e9n\u00e9fique \u00e0 notre ch\u00e8re plan\u00e8te. N\u00e9anmoins, \u00e7a peut parfois entra\u00eener des d\u00e9lais de livraison plus longs que d'habitude. Nous te remercions d'avance pour ta patience et ta d\u00e9cision d'achat engag\u00e9e.\u00a0<\/em><\/p>","protected":false},"excerpt":{"rendered":"<p>Start your mornings with clarity \u2014 literally.This 10oz glass mug is sleek, modern, and unapologetically bold, just like a Lucky Bastard should be. Its [&hellip;]<\/p>","protected":false},"featured_media":13964,"comment_status":"open","ping_status":"closed","template":"","meta":{"_acf_changed":false},"product_brand":[],"product_cat":[284],"product_tag":[],"class_list":{"0":"post-12529","1":"product","2":"type-product","3":"status-publish","4":"has-post-thumbnail","6":"product_cat-for-the-parched","8":"first","9":"instock","10":"taxable","11":"shipping-taxable","12":"purchasable","13":"product-type-variable","14":"has-default-attributes"},"acf":[],"_links":{"self":[{"href":"https:\/\/luckybastards.co\/fr\/wp-json\/wp\/v2\/product\/12529","targetHints":{"allow":["GET"]}}],"collection":[{"href":"https:\/\/luckybastards.co\/fr\/wp-json\/wp\/v2\/product"}],"about":[{"href":"https:\/\/luckybastards.co\/fr\/wp-json\/wp\/v2\/types\/product"}],"replies":[{"embeddable":true,"href":"https:\/\/luckybastards.co\/fr\/wp-json\/wp\/v2\/comments?post=12529"}],"wp:featuredmedia":[{"embeddable":true,"href":"https:\/\/luckybastards.co\/fr\/wp-json\/wp\/v2\/media\/13964"}],"wp:attachment":[{"href":"https:\/\/luckybastards.co\/fr\/wp-json\/wp\/v2\/media?parent=12529"}],"wp:term":[{"taxonomy":"product_brand","embeddable":true,"href":"https:\/\/luckybastards.co\/fr\/wp-json\/wp\/v2\/product_brand?post=12529"},{"taxonomy":"product_cat","embeddable":true,"href":"https:\/\/luckybastards.co\/fr\/wp-json\/wp\/v2\/product_cat?post=12529"},{"taxonomy":"product_tag","embeddable":true,"href":"https:\/\/luckybastards.co\/fr\/wp-json\/wp\/v2\/product_tag?post=12529"}],"curies":[{"name":"wp","href":"https:\/\/api.w.org\/{rel}","templated":true}]}}