{"id":12441,"date":"2025-09-03T19:13:13","date_gmt":"2025-09-03T19:13:13","guid":{"rendered":"https:\/\/luckybastards.co\/product\/mug-with-color-inside\/"},"modified":"2025-12-12T09:52:57","modified_gmt":"2025-12-12T08:52:57","slug":"mug-with-color-inside","status":"publish","type":"product","link":"https:\/\/luckybastards.co\/fr\/produit\/mug-with-color-inside\/","title":{"rendered":"Mug color\u00e9"},"content":{"rendered":"<p>Donne un coup de fouet \u00e0 ta routine matinale avec une tasse qui te r\u00e9veille avant m\u00eame que ton caf\u00e9 ne fasse effet.<\/p>\n<p>Cette tasse classique en c\u00e9ramique affiche fi\u00e8rement l'\u00e9nergie audacieuse de Lucky Bastards, avec une touche de couleur sur le bord, l'anse et l'int\u00e9rieur. Elle allie \u00e0 la perfection un design \u00e9pur\u00e9 et un style assum\u00e9. C'est le genre de tasse qui m\u00e9rite sa place sur l'\u00e9tag\u00e8re.<\/p>\n<p>Robuste, color\u00e9e, lavable au lave-vaisselle, utilisable au micro-ondes... et absolument r\u00e9jouissante.<\/p>\n<p>D\u00e9tails :<\/p>\n<ul>\n<li>C\u00e9ramique<\/li>\n<li>Taille 11 oz : 9,6 cm de haut, 8,3 cm de diam\u00e8tre<\/li>\n<li>Taille 15 oz : 11,9 cm de haut, 8,5 cm de diam\u00e8tre<\/li>\n<li>Sans plomb, sans BPA<\/li>\n<li>Bord, int\u00e9rieur et anse color\u00e9s<\/li>\n<li>Lavable au lave-vaisselle et au micro-ondes<\/li>\n<\/ul>\n<p>&nbsp;<\/p>\n<p><em>La patience est m\u00e8re de toutes les vertus.<\/em><br \/>\n<em>Ce produit est sp\u00e9cialement con\u00e7u pour toi. Nous commen\u00e7ons la production de nos produits d\u00e8s que tu passes commande. Cette approche \u00e9vite la sur-production et est b\u00e9n\u00e9fique \u00e0 notre ch\u00e8re plan\u00e8te. N\u00e9anmoins, \u00e7a peut parfois entra\u00eener des d\u00e9lais de livraison plus longs que d'habitude. Nous te remercions d'avance pour ta patience et ta d\u00e9cision d'achat engag\u00e9e.<\/em><\/p>","protected":false},"excerpt":{"rendered":"<p>Kick your morning routine up a notch with a mug that actually wakes you up before the coffee does. This ceramic classic brings the [&hellip;]<\/p>","protected":false},"featured_media":12495,"comment_status":"open","ping_status":"closed","template":"","meta":{"_acf_changed":false},"product_brand":[],"product_cat":[284],"product_tag":[],"class_list":{"0":"post-12441","1":"product","2":"type-product","3":"status-publish","4":"has-post-thumbnail","6":"product_cat-for-the-parched","8":"first","9":"instock","10":"taxable","11":"shipping-taxable","12":"purchasable","13":"product-type-variable"},"acf":[],"_links":{"self":[{"href":"https:\/\/luckybastards.co\/fr\/wp-json\/wp\/v2\/product\/12441","targetHints":{"allow":["GET"]}}],"collection":[{"href":"https:\/\/luckybastards.co\/fr\/wp-json\/wp\/v2\/product"}],"about":[{"href":"https:\/\/luckybastards.co\/fr\/wp-json\/wp\/v2\/types\/product"}],"replies":[{"embeddable":true,"href":"https:\/\/luckybastards.co\/fr\/wp-json\/wp\/v2\/comments?post=12441"}],"wp:featuredmedia":[{"embeddable":true,"href":"https:\/\/luckybastards.co\/fr\/wp-json\/wp\/v2\/media\/12495"}],"wp:attachment":[{"href":"https:\/\/luckybastards.co\/fr\/wp-json\/wp\/v2\/media?parent=12441"}],"wp:term":[{"taxonomy":"product_brand","embeddable":true,"href":"https:\/\/luckybastards.co\/fr\/wp-json\/wp\/v2\/product_brand?post=12441"},{"taxonomy":"product_cat","embeddable":true,"href":"https:\/\/luckybastards.co\/fr\/wp-json\/wp\/v2\/product_cat?post=12441"},{"taxonomy":"product_tag","embeddable":true,"href":"https:\/\/luckybastards.co\/fr\/wp-json\/wp\/v2\/product_tag?post=12441"}],"curies":[{"name":"wp","href":"https:\/\/api.w.org\/{rel}","templated":true}]}}