{"id":12398,"date":"2025-09-02T23:50:02","date_gmt":"2025-09-02T23:50:02","guid":{"rendered":"https:\/\/luckybastards.co\/product\/the-frosty-5\/"},"modified":"2025-12-12T12:12:48","modified_gmt":"2025-12-12T11:12:48","slug":"the-frosty-5","status":"publish","type":"product","link":"https:\/\/luckybastards.co\/fr\/produit\/the-frosty-5\/","title":{"rendered":"Le frileux"},"content":{"rendered":"<p>Ce bonnet en tricot brod\u00e9 est con\u00e7u pour ceux qui ne croient pas aux \u00ab hors-saisons \u00bb.<\/p>\n<p>Fabriqu\u00e9 \u00e0 partir d'un m\u00e9lange respirant de 60% coton et 40% acrylique, il est doux, l\u00e9ger et suffisamment r\u00e9sistant pour affronter tout ce que la journ\u00e9e te r\u00e9serve. Sa coupe ajust\u00e9e \u00e9pouse parfaitement ta t\u00eate et reste bien en place, que tu te d\u00e9tendes, que tu sois dans le rush ou que tu fasses les 100 coups dans le froid.<\/p>\n<p>Minimaliste, \u00e9pur\u00e9 et ind\u00e9niablement Lucky Bastards, ce bonnet ajoute une touche d'originalit\u00e9 \u00e0 ton look, sans forcer.<\/p>\n<p><em>La patience est m\u00e8re de toutes les vertus.<\/em><br \/>\n<em>Ce produit est sp\u00e9cialement con\u00e7u pour toi. Nous commen\u00e7ons la production de nos produits d\u00e8s que tu passes commande. Cette approche \u00e9vite la sur-production et est b\u00e9n\u00e9fique \u00e0 notre ch\u00e8re plan\u00e8te. N\u00e9anmoins, \u00e7a peut parfois entra\u00eener des d\u00e9lais de livraison plus longs que d'habitude. Nous te remercions d'avance pour ta patience et ta d\u00e9cision d'achat engag\u00e9e.<\/em><\/p>","protected":false},"excerpt":{"rendered":"<p>This embroidered knit beanie is built for the ones who don\u2019t believe in \u2018off-seasons.\u2019 Crafted from a breathable 60% cotton \/ 40% acrylic blend, [&hellip;]<\/p>","protected":false},"featured_media":12404,"comment_status":"open","ping_status":"closed","template":"","meta":{"_acf_changed":false},"product_brand":[],"product_cat":[204],"product_tag":[],"class_list":{"0":"post-12398","1":"product","2":"type-product","3":"status-publish","4":"has-post-thumbnail","6":"product_cat-beanies","8":"first","9":"instock","10":"taxable","11":"shipping-taxable","12":"purchasable","13":"product-type-simple"},"acf":[],"_links":{"self":[{"href":"https:\/\/luckybastards.co\/fr\/wp-json\/wp\/v2\/product\/12398","targetHints":{"allow":["GET"]}}],"collection":[{"href":"https:\/\/luckybastards.co\/fr\/wp-json\/wp\/v2\/product"}],"about":[{"href":"https:\/\/luckybastards.co\/fr\/wp-json\/wp\/v2\/types\/product"}],"replies":[{"embeddable":true,"href":"https:\/\/luckybastards.co\/fr\/wp-json\/wp\/v2\/comments?post=12398"}],"wp:featuredmedia":[{"embeddable":true,"href":"https:\/\/luckybastards.co\/fr\/wp-json\/wp\/v2\/media\/12404"}],"wp:attachment":[{"href":"https:\/\/luckybastards.co\/fr\/wp-json\/wp\/v2\/media?parent=12398"}],"wp:term":[{"taxonomy":"product_brand","embeddable":true,"href":"https:\/\/luckybastards.co\/fr\/wp-json\/wp\/v2\/product_brand?post=12398"},{"taxonomy":"product_cat","embeddable":true,"href":"https:\/\/luckybastards.co\/fr\/wp-json\/wp\/v2\/product_cat?post=12398"},{"taxonomy":"product_tag","embeddable":true,"href":"https:\/\/luckybastards.co\/fr\/wp-json\/wp\/v2\/product_tag?post=12398"}],"curies":[{"name":"wp","href":"https:\/\/api.w.org\/{rel}","templated":true}]}}