{"id":12328,"date":"2025-09-02T23:23:35","date_gmt":"2025-09-02T23:23:35","guid":{"rendered":"https:\/\/luckybastards.co\/product\/the-flashy\/"},"modified":"2025-12-12T12:16:03","modified_gmt":"2025-12-12T11:16:03","slug":"the-flashy","status":"publish","type":"product","link":"https:\/\/luckybastards.co\/fr\/produit\/the-flashy\/","title":{"rendered":"Le tape-\u00e0-l'\u0153il"},"content":{"rendered":"<p>Voici le bonnet qui ne se contente pas de te tenir chaud, mais qui te donne aussi un look sauvage. Ce bonnet classique \u00e0 pompon brod\u00e9 est con\u00e7u pour les nuits froides, les vols t\u00f4t le matin et toutes les aventures folles entre les deux. Doux, confortable et r\u00e9solument audacieux, il s'int\u00e8gre parfaitement \u00e0 ta garde-robe hivernale et refuse de se fondre dans la masse.<\/p>\n<p>Enfile-le, affronte le froid et affirme toi.<\/p>\n<ul>\n<li>100% acrylique<\/li>\n<li>30,5 cm en tricot<\/li>\n<li>Manchette rabattable de 7,6 cm<\/li>\n<li>Pom-pom sur le dessus<\/li>\n<li>Taille unique<\/li>\n<\/ul>\n<p>&nbsp;<\/p>\n<p><em>La patience est m\u00e8re de toutes les vertus.<\/em><br \/>\n<em>Ce produit est sp\u00e9cialement con\u00e7u pour toi. Nous commen\u00e7ons la production de nos produits d\u00e8s que tu passes commande. Cette approche \u00e9vite la sur-production et est b\u00e9n\u00e9fique \u00e0 notre ch\u00e8re plan\u00e8te. N\u00e9anmoins, \u00e7a peut parfois entra\u00eener des d\u00e9lais de livraison plus longs que d'habitude. Nous te remercions d'avance pour ta patience et ta d\u00e9cision d'achat engag\u00e9e.<\/em><\/p>","protected":false},"excerpt":{"rendered":"<p>Meet the beanie that doesn\u2019t just keep you warm \u2014 it keeps your vibe wild. This classic, embroidered pom-pom beanie is built for cold [&hellip;]<\/p>","protected":false},"featured_media":12363,"comment_status":"open","ping_status":"closed","template":"","meta":{"_acf_changed":false},"product_brand":[],"product_cat":[204],"product_tag":[],"class_list":{"0":"post-12328","1":"product","2":"type-product","3":"status-publish","4":"has-post-thumbnail","6":"product_cat-beanies","8":"first","9":"instock","10":"taxable","11":"shipping-taxable","12":"purchasable","13":"product-type-variable"},"acf":[],"_links":{"self":[{"href":"https:\/\/luckybastards.co\/fr\/wp-json\/wp\/v2\/product\/12328","targetHints":{"allow":["GET"]}}],"collection":[{"href":"https:\/\/luckybastards.co\/fr\/wp-json\/wp\/v2\/product"}],"about":[{"href":"https:\/\/luckybastards.co\/fr\/wp-json\/wp\/v2\/types\/product"}],"replies":[{"embeddable":true,"href":"https:\/\/luckybastards.co\/fr\/wp-json\/wp\/v2\/comments?post=12328"}],"wp:featuredmedia":[{"embeddable":true,"href":"https:\/\/luckybastards.co\/fr\/wp-json\/wp\/v2\/media\/12363"}],"wp:attachment":[{"href":"https:\/\/luckybastards.co\/fr\/wp-json\/wp\/v2\/media?parent=12328"}],"wp:term":[{"taxonomy":"product_brand","embeddable":true,"href":"https:\/\/luckybastards.co\/fr\/wp-json\/wp\/v2\/product_brand?post=12328"},{"taxonomy":"product_cat","embeddable":true,"href":"https:\/\/luckybastards.co\/fr\/wp-json\/wp\/v2\/product_cat?post=12328"},{"taxonomy":"product_tag","embeddable":true,"href":"https:\/\/luckybastards.co\/fr\/wp-json\/wp\/v2\/product_tag?post=12328"}],"curies":[{"name":"wp","href":"https:\/\/api.w.org\/{rel}","templated":true}]}}