{"id":12264,"date":"2025-09-02T22:32:44","date_gmt":"2025-09-02T22:32:44","guid":{"rendered":"https:\/\/luckybastards.co\/product\/the-stretch\/"},"modified":"2025-12-12T13:38:49","modified_gmt":"2025-12-12T12:38:49","slug":"the-stretch","status":"publish","type":"product","link":"https:\/\/luckybastards.co\/fr\/produit\/the-stretch\/","title":{"rendered":"La flexible"},"content":{"rendered":"<p>La flexible est synonyme de style discret et de confort tout au long de la journ\u00e9e. Une casquette \u00e9pur\u00e9e et athl\u00e9tique, orn\u00e9e d'une broderie ton sur ton Lucky Bastards qui lui conf\u00e8re une touche audacieuse sans \u00eatre tape-\u00e0-l'\u0153il.<\/p>\n<p>Fabriqu\u00e9e avec une bande \u00e9lastique extensible et disponible en deux tailles, elle s'adapte parfaitement \u00e0 votre t\u00eate d\u00e8s que vous la mettez. La forme structur\u00e9e \u00e0 6 panneaux et \u00e0 profil moyen ainsi que la visi\u00e8re incurv\u00e9e lui conf\u00e8rent un look athl\u00e9tique moderne, tandis que la visi\u00e8re inf\u00e9rieure argent\u00e9e ajoute une touche finale \u00e9l\u00e9gante.<\/p>\n<p>L\u00e9ger, flexible et con\u00e7ue pour t'accompagner partout, que ce soit pour t'entra\u00eener, voyager ou ta vie de tous les jours.<\/p>\n<p>D\u00e9tails :<\/p>\n<ul>\n<li>63% polyester, 34% coton, 3% \u00e9lasthanne serg\u00e9<\/li>\n<li>Structur\u00e9e, 6 panneaux, profil moyen<\/li>\n<li>Visi\u00e8re incurv\u00e9e<\/li>\n<li>Logo brod\u00e9 ton sur ton<\/li>\n<li>6 \u0153illets brod\u00e9s<\/li>\n<li>Bande \u00e9lastique<\/li>\n<li>Tour de t\u00eate : 55.9cm - 60.6cm<\/li>\n<\/ul>\n<p>&nbsp;<\/p>\n<p><em>La patience est m\u00e8re de toutes les vertus.<\/em><br \/>\n<em>Ce produit est sp\u00e9cialement con\u00e7u pour toi. Nous commen\u00e7ons la production de nos produits d\u00e8s que tu passes commande. Cette approche \u00e9vite la sur-production et est b\u00e9n\u00e9fique \u00e0 notre ch\u00e8re plan\u00e8te. N\u00e9anmoins, \u00e7a peut parfois entra\u00eener des d\u00e9lais de livraison plus longs que d'habitude. Nous te remercions d'avance pour ta patience et ta d\u00e9cision d'achat engag\u00e9e.<\/em><\/p>","protected":false},"excerpt":{"rendered":"<p>The Stretch is all about stealth style and all-day comfort \u2014 a clean, athletic cap with tone-on-tone Lucky Bastards embroidery that keeps things bold [&hellip;]<\/p>","protected":false},"featured_media":12268,"comment_status":"open","ping_status":"closed","template":"","meta":{"_acf_changed":false},"product_brand":[],"product_cat":[177],"product_tag":[],"class_list":{"0":"post-12264","1":"product","2":"type-product","3":"status-publish","4":"has-post-thumbnail","6":"product_cat-caps","8":"first","9":"instock","10":"taxable","11":"shipping-taxable","12":"purchasable","13":"product-type-variable"},"acf":[],"_links":{"self":[{"href":"https:\/\/luckybastards.co\/fr\/wp-json\/wp\/v2\/product\/12264","targetHints":{"allow":["GET"]}}],"collection":[{"href":"https:\/\/luckybastards.co\/fr\/wp-json\/wp\/v2\/product"}],"about":[{"href":"https:\/\/luckybastards.co\/fr\/wp-json\/wp\/v2\/types\/product"}],"replies":[{"embeddable":true,"href":"https:\/\/luckybastards.co\/fr\/wp-json\/wp\/v2\/comments?post=12264"}],"wp:featuredmedia":[{"embeddable":true,"href":"https:\/\/luckybastards.co\/fr\/wp-json\/wp\/v2\/media\/12268"}],"wp:attachment":[{"href":"https:\/\/luckybastards.co\/fr\/wp-json\/wp\/v2\/media?parent=12264"}],"wp:term":[{"taxonomy":"product_brand","embeddable":true,"href":"https:\/\/luckybastards.co\/fr\/wp-json\/wp\/v2\/product_brand?post=12264"},{"taxonomy":"product_cat","embeddable":true,"href":"https:\/\/luckybastards.co\/fr\/wp-json\/wp\/v2\/product_cat?post=12264"},{"taxonomy":"product_tag","embeddable":true,"href":"https:\/\/luckybastards.co\/fr\/wp-json\/wp\/v2\/product_tag?post=12264"}],"curies":[{"name":"wp","href":"https:\/\/api.w.org\/{rel}","templated":true}]}}