{"id":12231,"date":"2025-09-02T23:54:00","date_gmt":"2025-09-02T21:54:00","guid":{"rendered":"https:\/\/luckybastards.co\/product\/the-quirky-2\/"},"modified":"2025-12-12T12:55:52","modified_gmt":"2025-12-12T11:55:52","slug":"the-quirky-2","status":"publish","type":"product","link":"https:\/\/luckybastards.co\/fr\/produit\/the-quirky-2\/","title":{"rendered":"La d\u00e9cal\u00e9e"},"content":{"rendered":"<p>La d\u00e9cal\u00e9e est une dad hat \u00e0 l'allure discr\u00e8te : minimaliste, \u00e9pur\u00e9e et juste assez us\u00e9e pour donner du caract\u00e8re \u00e0 ton look, sans en faire trop.<\/p>\n<p>Fabriqu\u00e9e \u00e0 partir de 100% de coton serg\u00e9 pr\u00e9-r\u00e9tr\u00e9ci, elle pr\u00e9sente une calotte souple et non structur\u00e9e, une construction \u00e0 6 panneaux discrets et six rang\u00e9es de coutures sur la visi\u00e8re pour plus de durabilit\u00e9. Des \u0153illets respirants assurent une bonne ventilation, tandis que la fermeture velcro r\u00e9glable garantit un ajustement parfait \u00e0 chaque fois.<\/p>\n<p>Port\u00e9e avec un jeans, un pantalon ou n'importe quel v\u00eatement que t'enfiles en sortant, cette casquette fait tout le boulot.<\/p>\n<p>Simple, polyvalente et ind\u00e9niablement Lucky Bastards.<\/p>\n<p><em>La patience est m\u00e8re de toutes les vertus.<\/em><br \/>\n<em>Ce produit est sp\u00e9cialement con\u00e7u pour toi. Nous commen\u00e7ons la production de nos produits d\u00e8s que tu passes commande. Cette approche \u00e9vite la sur-production et est b\u00e9n\u00e9fique \u00e0 notre ch\u00e8re plan\u00e8te. N\u00e9anmoins, \u00e7a peut parfois entra\u00eener des d\u00e9lais de livraison plus longs que d'habitude. Nous te remercions d'avance pour ta patience et ta d\u00e9cision d'achat engag\u00e9e.<\/em><\/p>","protected":false},"excerpt":{"rendered":"<p>The Quirky is the dad hat with quiet swagger \u2014 minimalist, clean, and just distressed enough to give your look an edge without trying [&hellip;]<\/p>","protected":false},"featured_media":14173,"comment_status":"open","ping_status":"closed","template":"","meta":{"_acf_changed":false},"product_brand":[],"product_cat":[177],"product_tag":[],"class_list":{"0":"post-12231","1":"product","2":"type-product","3":"status-publish","4":"has-post-thumbnail","6":"product_cat-caps","8":"first","9":"instock","10":"taxable","11":"shipping-taxable","12":"purchasable","13":"product-type-simple"},"acf":[],"_links":{"self":[{"href":"https:\/\/luckybastards.co\/fr\/wp-json\/wp\/v2\/product\/12231","targetHints":{"allow":["GET"]}}],"collection":[{"href":"https:\/\/luckybastards.co\/fr\/wp-json\/wp\/v2\/product"}],"about":[{"href":"https:\/\/luckybastards.co\/fr\/wp-json\/wp\/v2\/types\/product"}],"replies":[{"embeddable":true,"href":"https:\/\/luckybastards.co\/fr\/wp-json\/wp\/v2\/comments?post=12231"}],"wp:featuredmedia":[{"embeddable":true,"href":"https:\/\/luckybastards.co\/fr\/wp-json\/wp\/v2\/media\/14173"}],"wp:attachment":[{"href":"https:\/\/luckybastards.co\/fr\/wp-json\/wp\/v2\/media?parent=12231"}],"wp:term":[{"taxonomy":"product_brand","embeddable":true,"href":"https:\/\/luckybastards.co\/fr\/wp-json\/wp\/v2\/product_brand?post=12231"},{"taxonomy":"product_cat","embeddable":true,"href":"https:\/\/luckybastards.co\/fr\/wp-json\/wp\/v2\/product_cat?post=12231"},{"taxonomy":"product_tag","embeddable":true,"href":"https:\/\/luckybastards.co\/fr\/wp-json\/wp\/v2\/product_tag?post=12231"}],"curies":[{"name":"wp","href":"https:\/\/api.w.org\/{rel}","templated":true}]}}