{"id":12195,"date":"2025-09-02T21:40:50","date_gmt":"2025-09-02T21:40:50","guid":{"rendered":"https:\/\/luckybastards.co\/product\/the-fresh-2\/"},"modified":"2025-12-12T12:11:50","modified_gmt":"2025-12-12T11:11:50","slug":"the-fresh-2","status":"publish","type":"product","link":"https:\/\/luckybastards.co\/fr\/produit\/the-fresh-2\/","title":{"rendered":"La cool"},"content":{"rendered":"<p>Voici La Cool, la casquette dad hat qui porte bien son nom.<\/p>\n<p>Son bord l\u00e9g\u00e8rement vieilli et sa calotte adoucie lui conf\u00e8rent un look d\u00e9contract\u00e9 et naturel qui montre que vous avez mieux \u00e0 faire que de vous donner trop de mal. Fabriqu\u00e9e \u00e0 partir de 100 % de coton serg\u00e9 pr\u00e9-r\u00e9tr\u00e9ci, elle est l\u00e9g\u00e8re, respirante et con\u00e7ue pour affronter le chaos du quotidien.<\/p>\n<p>La conception discr\u00e8te et non structur\u00e9e \u00e0 6 panneaux s'adapte naturellement, tandis que la bande auto-agrippante r\u00e9glable vous permet d'obtenir un ajustement parfait en quelques secondes. Six \u0153illets pour la circulation de l'air, six rang\u00e9es de coutures sur la visi\u00e8re pour plus de durabilit\u00e9 : \u00e9pur\u00e9e, simple et pr\u00eate \u00e0 tout.<\/p>\n<p>Tu peux la porter avec un jean, un jogging ou quoi que tu enfiles quand tu es press\u00e9 de partir \u00e0 l'aventure.<\/p>\n<p>C'est un mod\u00e8le de casquette incontournable pour tout vrai Lucky Bastard qui se respecte.<\/p>\n<p><em>La patience est m\u00e8re de toutes les vertus.<\/em><br \/>\n<em>Ce produit est sp\u00e9cialement con\u00e7u pour toi. Nous commen\u00e7ons la production de nos produits d\u00e8s que tu passes commande. Cette approche \u00e9vite la sur-production et est b\u00e9n\u00e9fique \u00e0 notre ch\u00e8re plan\u00e8te. N\u00e9anmoins, \u00e7a peut parfois entra\u00eener des d\u00e9lais de livraison plus longs que d'habitude. Nous te remercions d'avance pour ta patience et ta d\u00e9cision d'achat engag\u00e9e.<\/em><\/p>","protected":false},"excerpt":{"rendered":"<p>Meet The Fresh \u2014 the dad hat with just the right amount of attitude. Its slightly distressed brim and softened crown give it that [&hellip;]<\/p>","protected":false},"featured_media":12197,"comment_status":"open","ping_status":"closed","template":"","meta":{"_acf_changed":false},"product_brand":[],"product_cat":[177],"product_tag":[],"class_list":{"0":"post-12195","1":"product","2":"type-product","3":"status-publish","4":"has-post-thumbnail","6":"product_cat-caps","8":"first","9":"instock","10":"taxable","11":"shipping-taxable","12":"purchasable","13":"product-type-simple"},"acf":[],"_links":{"self":[{"href":"https:\/\/luckybastards.co\/fr\/wp-json\/wp\/v2\/product\/12195","targetHints":{"allow":["GET"]}}],"collection":[{"href":"https:\/\/luckybastards.co\/fr\/wp-json\/wp\/v2\/product"}],"about":[{"href":"https:\/\/luckybastards.co\/fr\/wp-json\/wp\/v2\/types\/product"}],"replies":[{"embeddable":true,"href":"https:\/\/luckybastards.co\/fr\/wp-json\/wp\/v2\/comments?post=12195"}],"wp:featuredmedia":[{"embeddable":true,"href":"https:\/\/luckybastards.co\/fr\/wp-json\/wp\/v2\/media\/12197"}],"wp:attachment":[{"href":"https:\/\/luckybastards.co\/fr\/wp-json\/wp\/v2\/media?parent=12195"}],"wp:term":[{"taxonomy":"product_brand","embeddable":true,"href":"https:\/\/luckybastards.co\/fr\/wp-json\/wp\/v2\/product_brand?post=12195"},{"taxonomy":"product_cat","embeddable":true,"href":"https:\/\/luckybastards.co\/fr\/wp-json\/wp\/v2\/product_cat?post=12195"},{"taxonomy":"product_tag","embeddable":true,"href":"https:\/\/luckybastards.co\/fr\/wp-json\/wp\/v2\/product_tag?post=12195"}],"curies":[{"name":"wp","href":"https:\/\/api.w.org\/{rel}","templated":true}]}}