{"id":12159,"date":"2025-09-02T21:05:45","date_gmt":"2025-09-02T21:05:45","guid":{"rendered":"https:\/\/luckybastards.co\/product\/the-trucker\/"},"modified":"2025-12-12T14:23:15","modified_gmt":"2025-12-12T13:23:15","slug":"the-trucker","status":"publish","type":"product","link":"https:\/\/luckybastards.co\/fr\/produit\/the-trucker\/","title":{"rendered":"La tout terrain"},"content":{"rendered":"<p>La tout terrain est destin\u00e9e \u00e0 ceux qui ne se contentent pas d'entrer dans un endroit, mais qui font une entr\u00e9e remarqu\u00e9e.<\/p>\n<p>Cette casquette trucker en mousse allie style r\u00e9tro et confort moderne : structure \u00e0 5 panneaux, coupe haute, devant en mousse sans coutures pour un look trucker embl\u00e9matique et arri\u00e8re en maille respirante pour rester au frais du matin jusqu'\u00e0 tard dans la nuit. La tresse assortie ajoute une touche r\u00e9tro subtile, tandis que le bouton-pression r\u00e9glable garantit un ajustement parfait pour la plupart des t\u00eates.<\/p>\n<p>L\u00e9g\u00e8re, remarquable \u00e0 souhait et inexorablement Lucky Bastards ! Porte-la avec n'importe quoi et profite \u00e0 fond du moment pr\u00e9sent.<\/p>\n<p>D\u00e9tails :<\/p>\n<ul>\n<li>Devant 100% polyester<\/li>\n<li>Dos 100% en maille de polyester<\/li>\n<li>Mousse lamin\u00e9e \u00e9paisse pour une structure haut de gamme<\/li>\n<li>5 panneaux, profil\u00e9, structur\u00e9<\/li>\n<li>Panneau avant en mousse sans couture avec doublure<\/li>\n<li>8 rang\u00e9es de coutures sur une visi\u00e8re pr\u00e9-courb\u00e9e<\/li>\n<li>Sous-visi\u00e8re, galon et bandeau anti-transpiration assortis<\/li>\n<li>Bouton pression r\u00e9glable en plastique<\/li>\n<li>Taille unique<\/li>\n<\/ul>\n<p>&nbsp;<\/p>\n<p><em>La patience est m\u00e8re de toutes les vertus.<\/em><br \/>\n<em>Ce produit est sp\u00e9cialement con\u00e7u pour toi. Nous commen\u00e7ons la production de nos produits d\u00e8s que tu passes commande. Cette approche \u00e9vite la sur-production et est b\u00e9n\u00e9fique \u00e0 notre ch\u00e8re plan\u00e8te. N\u00e9anmoins, \u00e7a peut parfois entra\u00eener des d\u00e9lais de livraison plus longs que d'habitude. Nous te remercions d'avance pour ta patience et ta d\u00e9cision d'achat engag\u00e9e.<\/em><\/p>","protected":false},"excerpt":{"rendered":"<p>The Trucker is for the ones who don\u2019t just walk into a place \u2014 they make an entrance. This foam trucker hat mixes retro [&hellip;]<\/p>","protected":false},"featured_media":12165,"comment_status":"open","ping_status":"closed","template":"","meta":{"_acf_changed":false},"product_brand":[],"product_cat":[177],"product_tag":[],"class_list":{"0":"post-12159","1":"product","2":"type-product","3":"status-publish","4":"has-post-thumbnail","6":"product_cat-caps","8":"first","9":"instock","10":"taxable","11":"shipping-taxable","12":"purchasable","13":"product-type-simple"},"acf":[],"_links":{"self":[{"href":"https:\/\/luckybastards.co\/fr\/wp-json\/wp\/v2\/product\/12159","targetHints":{"allow":["GET"]}}],"collection":[{"href":"https:\/\/luckybastards.co\/fr\/wp-json\/wp\/v2\/product"}],"about":[{"href":"https:\/\/luckybastards.co\/fr\/wp-json\/wp\/v2\/types\/product"}],"replies":[{"embeddable":true,"href":"https:\/\/luckybastards.co\/fr\/wp-json\/wp\/v2\/comments?post=12159"}],"wp:featuredmedia":[{"embeddable":true,"href":"https:\/\/luckybastards.co\/fr\/wp-json\/wp\/v2\/media\/12165"}],"wp:attachment":[{"href":"https:\/\/luckybastards.co\/fr\/wp-json\/wp\/v2\/media?parent=12159"}],"wp:term":[{"taxonomy":"product_brand","embeddable":true,"href":"https:\/\/luckybastards.co\/fr\/wp-json\/wp\/v2\/product_brand?post=12159"},{"taxonomy":"product_cat","embeddable":true,"href":"https:\/\/luckybastards.co\/fr\/wp-json\/wp\/v2\/product_cat?post=12159"},{"taxonomy":"product_tag","embeddable":true,"href":"https:\/\/luckybastards.co\/fr\/wp-json\/wp\/v2\/product_tag?post=12159"}],"curies":[{"name":"wp","href":"https:\/\/api.w.org\/{rel}","templated":true}]}}