{"id":12008,"date":"2025-09-02T21:14:11","date_gmt":"2025-09-02T19:14:11","guid":{"rendered":"https:\/\/luckybastards.co\/product\/the-warrior-brown\/"},"modified":"2025-12-12T14:37:34","modified_gmt":"2025-12-12T13:37:34","slug":"the-warrior-brown","status":"publish","type":"product","link":"https:\/\/luckybastards.co\/fr\/produit\/the-warrior-brown\/","title":{"rendered":"La guerri\u00e8re (marron)"},"content":{"rendered":"<p data-start=\"155\" data-end=\"563\">La guerri\u00e8re est con\u00e7ue pour les audacieux : une casquette camouflage qui affiche son caract\u00e8re, offre une bonne ventilation et un confort tout au long de la journ\u00e9e.<br data-start=\"263\" data-end=\"266\" \/>Le devant est 100% coton pour un toucher net et haut de gamme, tandis que l'arri\u00e8re en maille polyester te garde au frais lorsque la chaleur (ou l'intensit\u00e9) monte. La coupe structur\u00e9e \u00e0 6 panneaux et profil bas offre une silhouette classique, renforc\u00e9e par 6 rang\u00e9es de coutures sur la visi\u00e8re et 2 \u0153illets cousus pour plus de durabilit\u00e9.<\/p>\n<p data-start=\"565\" data-end=\"792\">Dot\u00e9e d'une broderie Lucky Bastards bien nette et d'une fermeture \u00e0 pression r\u00e9glable, cette casquette s'adapte \u00e0 la plupart des t\u00eates et convient \u00e0 toutes les situations, que ce soit en ville, sur les sentiers ou pour les environnements les plus hostiles.<br data-start=\"720\" data-end=\"723\" \/>La seule casquette camouflage qui ne te cache pas... mais te met en valeur.<\/p>\n<p data-start=\"794\" data-end=\"1036\"><strong data-start=\"794\" data-end=\"804\">D\u00e9tails :<\/strong><\/p>\n<ul>\n<li data-start=\"794\" data-end=\"1036\">Devant 100% en coton<\/li>\n<li data-start=\"794\" data-end=\"1036\">Dos 100% en maille de polyester<\/li>\n<li data-start=\"794\" data-end=\"1036\">Conception structur\u00e9e \u00e0 6 panneaux et profil bas<\/li>\n<li data-start=\"794\" data-end=\"1036\">2 \u0153illets cousus<\/li>\n<li data-start=\"794\" data-end=\"1036\">6 rang\u00e9es de coutures visibles sur la visi\u00e8re<\/li>\n<li data-start=\"794\" data-end=\"1036\">Bouton pression r\u00e9glable en plastique<\/li>\n<li data-start=\"794\" data-end=\"1036\">Sous-visi\u00e8re en tissu assortie<\/li>\n<li data-start=\"794\" data-end=\"1036\">Taille unique<\/li>\n<\/ul>\n<p>&nbsp;<\/p>\n<p data-start=\"942\" data-end=\"1036\" data-is-last-node=\"\" data-is-only-node=\"\"><em>La patience est m\u00e8re de toutes les vertus.<br \/>\n<\/em><em>Ce produit est sp\u00e9cialement con\u00e7u pour toi. Nous commen\u00e7ons la production de nos produits d\u00e8s que tu passes commande. Cette approche \u00e9vite la sur-production et est b\u00e9n\u00e9fique \u00e0 notre ch\u00e8re plan\u00e8te. N\u00e9anmoins, \u00e7a peut parfois entra\u00eener des d\u00e9lais de livraison plus longs que d'habitude. Nous te remercions d'avance pour ta patience et ta d\u00e9cision d'achat engag\u00e9e.\u00a0<\/em><\/p>","protected":false},"excerpt":{"rendered":"<p>The Warrior Brown is built for the bold \u2014 a camo trucker cap with attitude, airflow, and all-day comfort.The front is 100% cotton for [&hellip;]<\/p>","protected":false},"featured_media":12018,"comment_status":"open","ping_status":"closed","template":"","meta":{"_acf_changed":false},"product_brand":[],"product_cat":[177],"product_tag":[],"class_list":{"0":"post-12008","1":"product","2":"type-product","3":"status-publish","4":"has-post-thumbnail","6":"product_cat-caps","8":"first","9":"instock","10":"taxable","11":"shipping-taxable","12":"purchasable","13":"product-type-variable","14":"has-default-attributes"},"acf":[],"_links":{"self":[{"href":"https:\/\/luckybastards.co\/fr\/wp-json\/wp\/v2\/product\/12008","targetHints":{"allow":["GET"]}}],"collection":[{"href":"https:\/\/luckybastards.co\/fr\/wp-json\/wp\/v2\/product"}],"about":[{"href":"https:\/\/luckybastards.co\/fr\/wp-json\/wp\/v2\/types\/product"}],"replies":[{"embeddable":true,"href":"https:\/\/luckybastards.co\/fr\/wp-json\/wp\/v2\/comments?post=12008"}],"wp:featuredmedia":[{"embeddable":true,"href":"https:\/\/luckybastards.co\/fr\/wp-json\/wp\/v2\/media\/12018"}],"wp:attachment":[{"href":"https:\/\/luckybastards.co\/fr\/wp-json\/wp\/v2\/media?parent=12008"}],"wp:term":[{"taxonomy":"product_brand","embeddable":true,"href":"https:\/\/luckybastards.co\/fr\/wp-json\/wp\/v2\/product_brand?post=12008"},{"taxonomy":"product_cat","embeddable":true,"href":"https:\/\/luckybastards.co\/fr\/wp-json\/wp\/v2\/product_cat?post=12008"},{"taxonomy":"product_tag","embeddable":true,"href":"https:\/\/luckybastards.co\/fr\/wp-json\/wp\/v2\/product_tag?post=12008"}],"curies":[{"name":"wp","href":"https:\/\/api.w.org\/{rel}","templated":true}]}}