{"id":11324,"date":"2025-09-01T19:55:12","date_gmt":"2025-09-01T19:55:12","guid":{"rendered":"https:\/\/luckybastards.co\/product\/the-comfy\/"},"modified":"2026-05-01T02:25:19","modified_gmt":"2026-05-01T00:25:19","slug":"the-comfy","status":"publish","type":"product","link":"https:\/\/luckybastards.co\/fr\/produit\/the-comfy\/","title":{"rendered":"Le confortable"},"content":{"rendered":"<p>Le confortable est exactement ce que son nom indique : le sweat \u00e0 capuche que tu ne quitteras plus.<\/p>\n<p>Doux \u00e0 l'int\u00e9rieur, \u00e9pur\u00e9 \u00e0 l'ext\u00e9rieur et orn\u00e9e du logo Lucky Bastards sur le devant, ce hoodie est parfait pour tous les jours. Sa capuche \u00e0 3 panneaux te garde au chaud, sa poche kangourou sur le devant te prot\u00e8ge des jours de grand froid et sa coupe offre un \u00e9quilibre parfait entre d\u00e9contraction et style.<\/p>\n<p>Enfile-le une fois, et il deveindra imm\u00e9diatement un incontournable de ta garde-robe.<\/p>\n<p>D\u00e9tails :<\/p>\n<ul>\n<li>100% coton<\/li>\n<li>65% coton fil\u00e9 \u00e0 l'anneau, 35% polyester<\/li>\n<li>Pochette avant<\/li>\n<li>\u00c9cusson en tissu au dos<\/li>\n<li>Cordons plats assortis<\/li>\n<li>Capuche \u00e0 3 panneaux<\/li>\n<\/ul>\n<p>&nbsp;<\/p>\n<p>Remarque concernant la taille : ce sweat-shirt taille petit. Pour une coupe parfaite, commande une taille au-dessus.<\/p>\n<p>&nbsp;<\/p>\n<p><em>La patience est m\u00e8re de toutes les vertus.<\/em><br \/>\n<em>Ce produit est sp\u00e9cialement con\u00e7u pour toi. Nous commen\u00e7ons la production de nos produits d\u00e8s que tu passes commande. Cette approche \u00e9vite la sur-production et est b\u00e9n\u00e9fique \u00e0 notre ch\u00e8re plan\u00e8te. N\u00e9anmoins, \u00e7a peut parfois entra\u00eener des d\u00e9lais de livraison plus longs que d'habitude. Nous te remercions d'avance pour ta patience et ta d\u00e9cision d'achat engag\u00e9e.<\/em><\/p>","protected":false},"excerpt":{"rendered":"<p>The Comfy is exactly what it sounds like \u2014 the hoodie you\u2019ll live in. Soft on the inside, clean on the outside, and finished [&hellip;]<\/p>","protected":false},"featured_media":11416,"comment_status":"open","ping_status":"closed","template":"","meta":{"_acf_changed":false},"product_brand":[],"product_cat":[151],"product_tag":[],"class_list":{"0":"post-11324","1":"product","2":"type-product","3":"status-publish","4":"has-post-thumbnail","6":"product_cat-hoodies","8":"first","9":"instock","10":"taxable","11":"shipping-taxable","12":"purchasable","13":"product-type-variable"},"acf":[],"_links":{"self":[{"href":"https:\/\/luckybastards.co\/fr\/wp-json\/wp\/v2\/product\/11324","targetHints":{"allow":["GET"]}}],"collection":[{"href":"https:\/\/luckybastards.co\/fr\/wp-json\/wp\/v2\/product"}],"about":[{"href":"https:\/\/luckybastards.co\/fr\/wp-json\/wp\/v2\/types\/product"}],"replies":[{"embeddable":true,"href":"https:\/\/luckybastards.co\/fr\/wp-json\/wp\/v2\/comments?post=11324"}],"wp:featuredmedia":[{"embeddable":true,"href":"https:\/\/luckybastards.co\/fr\/wp-json\/wp\/v2\/media\/11416"}],"wp:attachment":[{"href":"https:\/\/luckybastards.co\/fr\/wp-json\/wp\/v2\/media?parent=11324"}],"wp:term":[{"taxonomy":"product_brand","embeddable":true,"href":"https:\/\/luckybastards.co\/fr\/wp-json\/wp\/v2\/product_brand?post=11324"},{"taxonomy":"product_cat","embeddable":true,"href":"https:\/\/luckybastards.co\/fr\/wp-json\/wp\/v2\/product_cat?post=11324"},{"taxonomy":"product_tag","embeddable":true,"href":"https:\/\/luckybastards.co\/fr\/wp-json\/wp\/v2\/product_tag?post=11324"}],"curies":[{"name":"wp","href":"https:\/\/api.w.org\/{rel}","templated":true}]}}