{"id":11233,"date":"2025-08-31T23:49:45","date_gmt":"2025-08-31T21:49:45","guid":{"rendered":"https:\/\/luckybastards.co\/product\/the-futurist-1\/"},"modified":"2025-12-12T12:31:05","modified_gmt":"2025-12-12T11:31:05","slug":"the-futurist-1","status":"publish","type":"product","link":"https:\/\/luckybastards.co\/fr\/produit\/the-futurist-1\/","title":{"rendered":"Le futuriste"},"content":{"rendered":"<p>Le Futuriste est le r\u00e9sultat de la rencontre entre style et intention : un sweat \u00e0 capuche \u00e9pur\u00e9 et moderne, con\u00e7u pour ceux qui recherchent le confort sans compromis.<\/p>\n<p>Fabriqu\u00e9 \u00e0 partir d'un m\u00e9lange de coton biologique fil\u00e9 \u00e0 l'anneau et de polyester recycl\u00e9, il est doux, durable et respectueux de notre ch\u00e8re plan\u00e8te. Les poches lat\u00e9rales inclin\u00e9es lui conf\u00e8rent un look \u00e9l\u00e9gant et avant-gardiste, tandis que les cordons de serrage assortis et les \u0153illets cousus lui donnent une finition soign\u00e9e.<\/p>\n<p>Minimaliste, fonctionnel et naturellement cool : voici un v\u00eatement de tous les jours pour ceux qui regardent vers l'avenir. Un incontournable pour la nouvelle g\u00e9n\u00e9ration de de Lucky Bastards.<\/p>\n<p>D\u00e9tails :<\/p>\n<ul>\n<li>80% coton peign\u00e9 biologique fil\u00e9 \u00e0 l'anneau, 20% polyester recycl\u00e9<\/li>\n<li>Poids du tissu : 280 g\/m\u00b2<\/li>\n<li>Coupe unisexe classique<\/li>\n<li>Poches lat\u00e9rales en biais<\/li>\n<li>Cordons plats assortis<\/li>\n<li>\u0152illets \u00e0 boutonni\u00e8re cousus<\/li>\n<li>Coton biologique certifi\u00e9 (GOTS + OCS)<\/li>\n<li>Polyester recycl\u00e9 certifi\u00e9 (GRS)<\/li>\n<\/ul>\n<p>&nbsp;<\/p>\n<p><em>La patience est m\u00e8re de toutes les vertus.<\/em><br \/>\n<em>Ce produit est sp\u00e9cialement con\u00e7u pour toi. Nous commen\u00e7ons la production de nos produits d\u00e8s que tu passes commande. Cette approche \u00e9vite la sur-production et est b\u00e9n\u00e9fique \u00e0 notre ch\u00e8re plan\u00e8te. N\u00e9anmoins, \u00e7a peut parfois entra\u00eener des d\u00e9lais de livraison plus longs que d'habitude. Nous te remercions d'avance pour ta patience et ta d\u00e9cision d'achat engag\u00e9e.<\/em><\/p>","protected":false},"excerpt":{"rendered":"<p>The Futurist is where style meets intention \u2014 a clean, modern hoodie built for those who want comfort without compromise. Made from a blend [&hellip;]<\/p>","protected":false},"featured_media":7330,"comment_status":"open","ping_status":"closed","template":"","meta":{"_acf_changed":false},"product_brand":[],"product_cat":[151],"product_tag":[],"class_list":{"0":"post-11233","1":"product","2":"type-product","3":"status-publish","4":"has-post-thumbnail","6":"product_cat-hoodies","8":"first","9":"instock","10":"taxable","11":"shipping-taxable","12":"purchasable","13":"product-type-variable"},"acf":[],"_links":{"self":[{"href":"https:\/\/luckybastards.co\/fr\/wp-json\/wp\/v2\/product\/11233","targetHints":{"allow":["GET"]}}],"collection":[{"href":"https:\/\/luckybastards.co\/fr\/wp-json\/wp\/v2\/product"}],"about":[{"href":"https:\/\/luckybastards.co\/fr\/wp-json\/wp\/v2\/types\/product"}],"replies":[{"embeddable":true,"href":"https:\/\/luckybastards.co\/fr\/wp-json\/wp\/v2\/comments?post=11233"}],"wp:featuredmedia":[{"embeddable":true,"href":"https:\/\/luckybastards.co\/fr\/wp-json\/wp\/v2\/media\/7330"}],"wp:attachment":[{"href":"https:\/\/luckybastards.co\/fr\/wp-json\/wp\/v2\/media?parent=11233"}],"wp:term":[{"taxonomy":"product_brand","embeddable":true,"href":"https:\/\/luckybastards.co\/fr\/wp-json\/wp\/v2\/product_brand?post=11233"},{"taxonomy":"product_cat","embeddable":true,"href":"https:\/\/luckybastards.co\/fr\/wp-json\/wp\/v2\/product_cat?post=11233"},{"taxonomy":"product_tag","embeddable":true,"href":"https:\/\/luckybastards.co\/fr\/wp-json\/wp\/v2\/product_tag?post=11233"}],"curies":[{"name":"wp","href":"https:\/\/api.w.org\/{rel}","templated":true}]}}