{"id":10597,"date":"2025-08-29T21:23:40","date_gmt":"2025-08-29T21:23:40","guid":{"rendered":"https:\/\/luckybastards.co\/product\/unisex-hoodie-2\/"},"modified":"2025-12-12T11:23:52","modified_gmt":"2025-12-12T10:23:52","slug":"unisex-hoodie-2","status":"publish","type":"product","link":"https:\/\/luckybastards.co\/fr\/produit\/unisex-hoodie-2\/","title":{"rendered":"Le douillet"},"content":{"rendered":"<p>Le douillet est ton alli\u00e9 confort au quotidien : doux, lisse et con\u00e7u pour les matins tranquilles, les nuits tardives et tout le reste...<\/p>\n<p>Avec son tissu moelleux fil\u00e9 \u00e0 jet d'air, sa capuche doubl\u00e9e et sa coupe d\u00e9contract\u00e9e, ce sweat \u00e0 capuche offre le confort dont tu r\u00eaves sans m\u00eame le savoir. Les poignets classiques en tricot c\u00f4tel\u00e9, le cordon de serrage assorti et la poche kangourou sur le devant compl\u00e8tent le look, ce qui le rend parfait pour superposer ou enfiler quand \u00e7a se met \u00e0 cailler.<\/p>\n<p>Facile \u00e0 porter, chaud et con\u00e7u pour durer : exactement ce que devrait \u00eatre un v\u00e9ritable sweat douillet.<\/p>\n<p>D\u00e9tails :<\/p>\n<ul>\n<li>50 % coton pr\u00e9-r\u00e9tr\u00e9ci, 50 % polyester<\/li>\n<li>Heather Sport Dark Navy : 40 % coton, 60 % polyester<\/li>\n<li>Poids du tissu : 271.25 g\/m\u00b2<\/li>\n<li>Fil fil\u00e9 \u00e0 jet d'air pour plus de douceur et moins de bouloches<\/li>\n<li>Capuche \u00e0 double doublure avec cordon de serrage assorti<\/li>\n<li>Corps quart de tour (sans pli central)<\/li>\n<li>Poignets et taille en tricot c\u00f4tel\u00e9 athl\u00e9tique 1\u00d71 avec \u00e9lasthanne<\/li>\n<li>Pochette avant<\/li>\n<li>Coutures doubles sur toute la surface<\/li>\n<\/ul>\n<p>&nbsp;<\/p>\n<p><em>La patience est m\u00e8re de toutes les vertus.<\/em><br \/>\n<em>Ce produit est sp\u00e9cialement con\u00e7u pour toi. Nous commen\u00e7ons la production de nos produits d\u00e8s que tu passes commande. Cette approche \u00e9vite la sur-production et est b\u00e9n\u00e9fique \u00e0 notre ch\u00e8re plan\u00e8te. N\u00e9anmoins, \u00e7a peut parfois entra\u00eener des d\u00e9lais de livraison plus longs que d'habitude. Nous te remercions d'avance pour ta patience et ta d\u00e9cision d'achat engag\u00e9e.<\/em><\/p>","protected":false},"excerpt":{"rendered":"<p>The Cozy is your everyday comfort fix \u2014 soft, smooth, and made for slow mornings, late nights, and everything in between. With its plush [&hellip;]<\/p>","protected":false},"featured_media":10445,"comment_status":"open","ping_status":"closed","template":"","meta":{"_acf_changed":false},"product_brand":[],"product_cat":[151],"product_tag":[],"class_list":{"0":"post-10597","1":"product","2":"type-product","3":"status-publish","4":"has-post-thumbnail","6":"product_cat-hoodies","8":"first","9":"instock","10":"taxable","11":"shipping-taxable","12":"purchasable","13":"product-type-variable"},"acf":[],"_links":{"self":[{"href":"https:\/\/luckybastards.co\/fr\/wp-json\/wp\/v2\/product\/10597","targetHints":{"allow":["GET"]}}],"collection":[{"href":"https:\/\/luckybastards.co\/fr\/wp-json\/wp\/v2\/product"}],"about":[{"href":"https:\/\/luckybastards.co\/fr\/wp-json\/wp\/v2\/types\/product"}],"replies":[{"embeddable":true,"href":"https:\/\/luckybastards.co\/fr\/wp-json\/wp\/v2\/comments?post=10597"}],"wp:featuredmedia":[{"embeddable":true,"href":"https:\/\/luckybastards.co\/fr\/wp-json\/wp\/v2\/media\/10445"}],"wp:attachment":[{"href":"https:\/\/luckybastards.co\/fr\/wp-json\/wp\/v2\/media?parent=10597"}],"wp:term":[{"taxonomy":"product_brand","embeddable":true,"href":"https:\/\/luckybastards.co\/fr\/wp-json\/wp\/v2\/product_brand?post=10597"},{"taxonomy":"product_cat","embeddable":true,"href":"https:\/\/luckybastards.co\/fr\/wp-json\/wp\/v2\/product_cat?post=10597"},{"taxonomy":"product_tag","embeddable":true,"href":"https:\/\/luckybastards.co\/fr\/wp-json\/wp\/v2\/product_tag?post=10597"}],"curies":[{"name":"wp","href":"https:\/\/api.w.org\/{rel}","templated":true}]}}