{"id":10177,"date":"2025-08-29T11:07:41","date_gmt":"2025-08-29T11:07:41","guid":{"rendered":"https:\/\/luckybastards.co\/product\/the-master\/"},"modified":"2025-12-12T12:53:02","modified_gmt":"2025-12-12T11:53:02","slug":"the-master","status":"publish","type":"product","link":"https:\/\/luckybastards.co\/fr\/produit\/the-master\/","title":{"rendered":"Le ma\u00eetre"},"content":{"rendered":"<p><strong>Le pouvoir ne se vante pas.<\/strong><\/p>\n<p>Le Ma\u00eetre est la puissance discr\u00e8te sous forme de t-shirt : oversize, biologique et con\u00e7u pour ceux qui n'ont pas besoin de logos criards pour faire forte impression.<\/p>\n<p>Fabriqu\u00e9 \u00e0 partir de coton biologique 100% peign\u00e9 en conversion, il est doux au toucher, tombe parfaitement et offre une silhouette d\u00e9contract\u00e9e et naturelle. L'encolure ronde et les manches tombantes ajoutent de la structure \u00e0 la coupe ample, tandis que la broderie ton sur ton Lucky Bastards apporte une touche audacieuse tout en subtilit\u00e9.<\/p>\n<p>Propre. Minimaliste. D'une assurance ind\u00e9niable.<\/p>\n<p>D\u00e9tails :<\/p>\n<ul>\n<li>100% coton biologique peign\u00e9 (en conversion)<\/li>\n<li>Coupe oversize<\/li>\n<li>Col rond<\/li>\n<li>Construction coup\u00e9e et cousue<\/li>\n<li>Manches tombantes<\/li>\n<li>Logo brod\u00e9 ton sur ton<\/li>\n<\/ul>\n<p>&nbsp;<\/p>\n<p><em>La patience est m\u00e8re de toutes les vertus.<\/em><br \/>\n<em>Ce produit est sp\u00e9cialement con\u00e7u pour toi. Nous commen\u00e7ons la production de nos produits d\u00e8s que tu passes commande. Cette approche \u00e9vite la sur-production et est b\u00e9n\u00e9fique \u00e0 notre ch\u00e8re plan\u00e8te. N\u00e9anmoins, \u00e7a peut parfois entra\u00eener des d\u00e9lais de livraison plus longs que d'habitude. Nous te remercions d'avance pour ta patience et ta d\u00e9cision d'achat engag\u00e9e.<\/em><\/p>","protected":false},"excerpt":{"rendered":"<p>Power doesn\u2019t brag The Master is quiet power in T-shirt form \u2014 oversized, organic, and built for those who don\u2019t need logos screaming to [&hellip;]<\/p>","protected":false},"featured_media":10191,"comment_status":"open","ping_status":"closed","template":"","meta":{"_acf_changed":false},"product_brand":[],"product_cat":[150],"product_tag":[],"class_list":{"0":"post-10177","1":"product","2":"type-product","3":"status-publish","4":"has-post-thumbnail","6":"product_cat-t-shirts","8":"first","9":"instock","10":"taxable","11":"shipping-taxable","12":"purchasable","13":"product-type-variable"},"acf":[],"_links":{"self":[{"href":"https:\/\/luckybastards.co\/fr\/wp-json\/wp\/v2\/product\/10177","targetHints":{"allow":["GET"]}}],"collection":[{"href":"https:\/\/luckybastards.co\/fr\/wp-json\/wp\/v2\/product"}],"about":[{"href":"https:\/\/luckybastards.co\/fr\/wp-json\/wp\/v2\/types\/product"}],"replies":[{"embeddable":true,"href":"https:\/\/luckybastards.co\/fr\/wp-json\/wp\/v2\/comments?post=10177"}],"wp:featuredmedia":[{"embeddable":true,"href":"https:\/\/luckybastards.co\/fr\/wp-json\/wp\/v2\/media\/10191"}],"wp:attachment":[{"href":"https:\/\/luckybastards.co\/fr\/wp-json\/wp\/v2\/media?parent=10177"}],"wp:term":[{"taxonomy":"product_brand","embeddable":true,"href":"https:\/\/luckybastards.co\/fr\/wp-json\/wp\/v2\/product_brand?post=10177"},{"taxonomy":"product_cat","embeddable":true,"href":"https:\/\/luckybastards.co\/fr\/wp-json\/wp\/v2\/product_cat?post=10177"},{"taxonomy":"product_tag","embeddable":true,"href":"https:\/\/luckybastards.co\/fr\/wp-json\/wp\/v2\/product_tag?post=10177"}],"curies":[{"name":"wp","href":"https:\/\/api.w.org\/{rel}","templated":true}]}}