{"id":961,"date":"2023-12-21T18:11:09","date_gmt":"2023-12-21T18:11:09","guid":{"rendered":"https:\/\/luckybastards.co\/\/?page_id=961"},"modified":"2025-11-24T22:28:03","modified_gmt":"2025-11-24T21:28:03","slug":"about-us","status":"publish","type":"page","link":"https:\/\/luckybastards.co\/fr\/about-us\/","title":{"rendered":"\u00c0 propos"},"content":{"rendered":"<div data-elementor-type=\"wp-page\" data-elementor-id=\"961\" class=\"elementor elementor-961\" data-elementor-post-type=\"page\">\n\t\t\t\t<div class=\"elementor-element elementor-element-b913b23 e-con-full e-flex no e-con e-parent\" data-id=\"b913b23\" data-element_type=\"container\">\n\t\t\t\t<div class=\"elementor-element elementor-element-19fc11d dce_masking-none elementor-widget elementor-widget-video\" data-id=\"19fc11d\" data-element_type=\"widget\" data-settings=\"{&quot;video_type&quot;:&quot;hosted&quot;,&quot;autoplay&quot;:&quot;yes&quot;,&quot;play_on_mobile&quot;:&quot;yes&quot;,&quot;loop&quot;:&quot;yes&quot;,&quot;controls&quot;:&quot;yes&quot;}\" data-widget_type=\"video.default\">\n\t\t\t\t\t\t\t<div class=\"e-hosted-video elementor-wrapper elementor-open-inline\">\n\t\t\t\t\t<video class=\"elementor-video\" src=\"https:\/\/luckybastards.co\/wp-content\/uploads\/2025\/11\/Video-Promo-Lucky-Bastards-1.mp4\" autoplay=\"\" loop=\"\" controls=\"\" playsinline=\"\" controlslist=\"nodownload\"><\/video>\n\t\t\t\t<\/div>\n\t\t\t\t\t\t<\/div>\n\t\t\t\t<\/div>\n\t\t<div class=\"elementor-element elementor-element-5feeede9 e-flex e-con-boxed no e-con e-parent\" data-id=\"5feeede9\" data-element_type=\"container\">\n\t\t\t\t\t<div class=\"e-con-inner\">\n\t\t\t\t<div class=\"elementor-element elementor-element-9a877a7 elementor-widget elementor-widget-text-editor\" data-id=\"9a877a7\" data-element_type=\"widget\" data-widget_type=\"text-editor.default\">\n\t\t\t\t\t\t\t\t\t<p><strong><\/strong><\/p>\n<h1 style=\"text-align: center;\"><strong>Qui nous sommes<\/strong><\/h1>\n<p style=\"text-align: center;\">\u00a0<\/p>\n<p style=\"text-align: center;\">Nous, Lucky Bastards, sommes une communaut\u00e9 de voyageurs intr\u00e9pides, de r\u00eaveurs acharn\u00e9s attir\u00e9s par l\u2019inconnu, et d\u2019aventuriers assoiff\u00e9s d'adr\u00e9naline. Oublie le tourisme classique, ici on voyage avec un grand \"V\".<\/p>\n<p><\/p>\n<p>\u00a0<\/p>\n<p style=\"text-align: center;\">Notre vie est un r\u00eave \u00e9veill\u00e9. Nous vivons et voyageons o\u00f9 nous voulons, quand nous voulons et exactement comme nous le voulons.<\/p>\n<p style=\"text-align: center;\">Les r\u00e8gles ? On les invente.<\/p>\n<p style=\"text-align: center;\">La conformit\u00e9 ? On s'en affranchit.<\/p>\n<p style=\"text-align: center;\">Nous sommes les ma\u00eetres de notre propre destin, pleinement d\u00e9termin\u00e9s \u00e0 \u00e9crire notre propre \u00e9pop\u00e9e, en parfaite harmonie avec nous-m\u00eames.<\/p>\n<p><\/p>\n<p>\u00a0<\/p>\n<p style=\"text-align: center;\">La vie, on la vit \u00e0 1 000 \u00e0 l'heure, sans peur de l'inconnu ni de l'inconfort. Prendre des risques, exp\u00e9rimenter, se frotter \u00e0 nos peurs, repousser nos limites jusqu'\u00e0 les faire voler en \u00e9clats, c'est notre quotidien. On ouvre grand la porte \u00e0 l'impensable, \u00e0 la folie pure, \u00e0 l'excitation brute. C'est comme \u00e7a qu'on apprend \u00e0 se conna\u00eetre vraiment, qu\u2019on devient la version la plus authentique et la plus \u00e9panouie de nous-m\u00eames.<\/p>\n<p><\/p>\n<p>\u00a0<\/p>\n<p style=\"text-align: center;\">On partage ici nos plus folles histoires, nos aventures les plus bizarres, nos exp\u00e9riences les plus incroyables et nos d\u00e9convenues les plus dr\u00f4le. Toutes celles qu\u2019on a v\u00e9cues en dehors de notre zone de confort. On partage aussi nos bons plans, nos conseils, nos meilleurs souvenirs, nos peurs, nos envies. On d\u00e9couvre des profils de voyageurs hors du commun, on s\u2019inspire, on \u00e9change, on vit. Et toi, t'attends quoi pour nous partager tes exp\u00e9riences ?<\/p>\n<p><\/p>\n<p>\u00a0<\/p>\n<p style=\"text-align: center;\">On vit \u00e0 la poursuite de nos r\u00eaves, avec le voyage pour assouvir notre soif d'inconnu, parfois en dehors des normes. On ose sortir de notre zone de confort et zigzaguer hors des sentiers battus, pour croquer le voyage et la vie \u00e0 pleines dents.<\/p>\n<p><\/p>\n<p>\u00a0<\/p>\n<p style=\"text-align: center;\">Si tu te reconnais dans ce portrait, tu es d\u00e9j\u00e0 un.e des n\u00f4tres. Si tu te r\u00eaves dans ce portrait, on te souhaite de devenir rapidement un.e des n\u00f4tres.<\/p>\n<p><\/p>\n<p>\u00a0<\/p>\n<p style=\"text-align: center;\">Alors rejoins-nous et deviens toi-m\u00eame !<\/p>\n<p><strong><\/strong><\/p>\t\t\t\t\t\t\t\t<\/div>\n\t\t\t\t\t<\/div>\n\t\t\t\t<\/div>\n\t\t\t\t<\/div>","protected":false},"excerpt":{"rendered":"<p>https:\/\/luckybastards.co\/wp-content\/uploads\/2025\/11\/Video-Promo-Lucky-Bastards-1.mp4 Who we are \u00a0 We, Lucky Bastards, are a community of intrepid travelers, hard-core dreamers drawn to the unknown, and adrenaline-thirsty adventurers. Forget [&hellip;]<\/p>","protected":false},"author":1,"featured_media":5623,"parent":0,"menu_order":0,"comment_status":"closed","ping_status":"closed","template":"","meta":{"_acf_changed":false,"footnotes":""},"class_list":["post-961","page","type-page","status-publish","has-post-thumbnail","hentry"],"acf":{"choi\u0441e_menu_page":false,"full_width":false,"header_transparent":false,"header_white":false,"menu_type_page":"default","menu_align_page":"default"},"_links":{"self":[{"href":"https:\/\/luckybastards.co\/fr\/wp-json\/wp\/v2\/pages\/961","targetHints":{"allow":["GET"]}}],"collection":[{"href":"https:\/\/luckybastards.co\/fr\/wp-json\/wp\/v2\/pages"}],"about":[{"href":"https:\/\/luckybastards.co\/fr\/wp-json\/wp\/v2\/types\/page"}],"author":[{"embeddable":true,"href":"https:\/\/luckybastards.co\/fr\/wp-json\/wp\/v2\/users\/1"}],"replies":[{"embeddable":true,"href":"https:\/\/luckybastards.co\/fr\/wp-json\/wp\/v2\/comments?post=961"}],"version-history":[{"count":6,"href":"https:\/\/luckybastards.co\/fr\/wp-json\/wp\/v2\/pages\/961\/revisions"}],"predecessor-version":[{"id":14046,"href":"https:\/\/luckybastards.co\/fr\/wp-json\/wp\/v2\/pages\/961\/revisions\/14046"}],"wp:featuredmedia":[{"embeddable":true,"href":"https:\/\/luckybastards.co\/fr\/wp-json\/"}],"wp:attachment":[{"href":"https:\/\/luckybastards.co\/fr\/wp-json\/wp\/v2\/media?parent=961"}],"curies":[{"name":"wp","href":"https:\/\/api.w.org\/{rel}","templated":true}]}}