{"id":14018,"date":"2025-11-24T13:29:35","date_gmt":"2025-11-24T12:29:35","guid":{"rendered":"https:\/\/luckybastards.co\/?page_id=14018"},"modified":"2025-12-08T23:24:28","modified_gmt":"2025-12-08T22:24:28","slug":"shop-the-lucky-bastards-brand","status":"publish","type":"page","link":"https:\/\/luckybastards.co\/fr\/shop-the-lucky-bastards-brand\/","title":{"rendered":"La marque Lucky Bastards"},"content":{"rendered":"<div data-elementor-type=\"wp-page\" data-elementor-id=\"14018\" class=\"elementor elementor-14018\" data-elementor-post-type=\"page\">\n\t\t\t\t<div class=\"elementor-element elementor-element-b32d853 e-con-full e-flex no e-con e-parent\" data-id=\"b32d853\" data-element_type=\"container\">\n\t\t\t\t<div class=\"elementor-element elementor-element-20f8163 dce_masking-none elementor-widget elementor-widget-image\" data-id=\"20f8163\" data-element_type=\"widget\" data-widget_type=\"image.default\">\n\t\t\t\t\t\t\t\t\t\t\t\t\t\t\t<img fetchpriority=\"high\" decoding=\"async\" width=\"1280\" height=\"800\" src=\"https:\/\/luckybastards.co\/wp-content\/uploads\/2025\/09\/Image-principale-shop-LB-temporaire.png\" class=\"attachment-large size-large wp-image-13188\" alt=\"\" srcset=\"https:\/\/luckybastards.co\/wp-content\/uploads\/2025\/09\/Image-principale-shop-LB-temporaire.png 1280w, https:\/\/luckybastards.co\/wp-content\/uploads\/2025\/09\/Image-principale-shop-LB-temporaire-1000x625.png 1000w, https:\/\/luckybastards.co\/wp-content\/uploads\/2025\/09\/Image-principale-shop-LB-temporaire-768x480.png 768w, https:\/\/luckybastards.co\/wp-content\/uploads\/2025\/09\/Image-principale-shop-LB-temporaire-18x12.png 18w, https:\/\/luckybastards.co\/wp-content\/uploads\/2025\/09\/Image-principale-shop-LB-temporaire-400x250.png 400w, https:\/\/luckybastards.co\/wp-content\/uploads\/2025\/09\/Image-principale-shop-LB-temporaire-1120x700.png 1120w, https:\/\/luckybastards.co\/wp-content\/uploads\/2025\/09\/Image-principale-shop-LB-temporaire-700x438.png 700w\" sizes=\"(max-width: 1280px) 100vw, 1280px\" \/>\t\t\t\t\t\t\t\t\t\t\t\t\t\t\t<\/div>\n\t\t\t\t<\/div>\n\t\t<div class=\"elementor-element elementor-element-794a8967 e-flex e-con-boxed no e-con e-parent\" data-id=\"794a8967\" data-element_type=\"container\">\n\t\t\t\t\t<div class=\"e-con-inner\">\n\t\t\t\t<div class=\"elementor-element elementor-element-18cdbfb4 elementor-widget elementor-widget-text-editor\" data-id=\"18cdbfb4\" data-element_type=\"widget\" data-widget_type=\"text-editor.default\">\n\t\t\t\t\t\t\t\t\t\n<h1><strong>Lucky Bastards n'est pas qu'une \u00e9tiquette.<\/strong> <strong><br \/><strong>C'est une signature,<\/strong> une d\u00e9claration cousue dans chaque fil.<\/strong><\/h1>\n\n<p>\u00a0<\/p>\n<p>Cr\u00e9\u00e9e pour ceux qui voyagent diff\u00e9remment, pensent diff\u00e9remment, vivent diff\u00e9remment.<br \/>Pour ceux qui ne passent pas inaper\u00e7us, sans avoir besoin d'\u00e9lever la voix.<br \/>Pour ceux qui pr\u00e9f\u00e8rent suivre leur instinct sans rechercher d'approbation, choisissent la libert\u00e9 \u00e0 la conformit\u00e9, et restent authentiques en toutes circonstances.<br \/>Lucky Bastards est pour ceux qui vivent hors des sentiers battus, qui empruntent des chemins non trac\u00e9s, qui disent ce qu'ils pensent et qui s'affirment comme ils sont.<\/p>\n\n<p>\u00a0<\/p>\n<p>Nos pi\u00e8ces sont con\u00e7ues pour les vagabonds des temps modernes, ces voyageurs qui collectionnent les histoires plut\u00f4t que les souvenirs, qui adoptent l'inconfort comme \u00e9l\u00e9ment int\u00e9gral du voyage, qui ne se vantent pas d'\u00eatre courageux, mais qui le sont le moment venu. <br \/>Pour les esprits libres, ceux qui repoussent les limites, les couche-tard, les amoureux du chaos, les accros \u00e0 l'adr\u00e9naline et tous ceux qui refusent de s'excuser d'\u00eatre vivants.<\/p>\n\n<p>\u00a0<\/p>\n<p><strong>Porter Lucky Bastards, c'est porter la confiance en soi.<br \/>Pas celle que tu surjoues -<br \/>celle que tu gagnes.<\/strong><\/p>\n\n<p>\u00a0<\/p>\n<p>La marque est n\u00e9e de personnes qui foncent t\u00eate baiss\u00e9e vers les aventures les plus folles, qui affrontent les temp\u00eates au lieu de les fuir, qui reviennent avec des cicatrices au lieu de beaux petits souvenirs.<br \/>Le genre de personnes qui se sentent plus vivantes aux confins du monde qu'au milieu de ce qui est consid\u00e9r\u00e9 comme \u00ab normal \u00bb.<\/p>\n\n<p>\u00a0<\/p>\n<p>Nos collections sont pens\u00e9es comme une seconde peau -<br \/>comme des pi\u00e8ces qui vous suivent partout : sur la route, dans un avion, sur une falaise, dans un bar \u00e0 4 heures du matin, dans un train qui part trop t\u00f4t, dans une vie v\u00e9cue \u00e0 100 \u00e0 l'heure.<br \/>Des v\u00eatements dans lesquels vous pouvez vivre, roder, \u00e9voluer.<br \/>Des v\u00eatements qui ne racontent pas la mode, mais qui racontent votre histoire.<\/p>\n\n<p>\u00a0<\/p>\n<p>Derri\u00e8re chaque pi\u00e8ce se cache une philosophie :<br \/>Que le vrai style n'est que le prolongement d'une personnalit\u00e9.<br \/>Que la libert\u00e9 s'exprime diff\u00e9remment chez chacun d'entre nous.<br \/>Que le monde appartient \u00e0 ceux qui le parcourent en imposant leurs propres conditions.<\/p>\n\n<p>\u00a0<\/p>\n<p><strong>Lucky Bastards est l'h\u00e9ritage de ceux qui osent.<br \/>Une armure souple pour affronter le monde.<br \/>Un signal discret mais puissant \u2014 pour ceux qui le captent.<\/strong><\/p>\n\n<p>\u00a0<\/p>\n<p>Si tu portes nos cr\u00e9ations, tu fais partie de la tribu.<br \/>Une tribu d'originaux \u2014 sans complexe, intr\u00e9pides, magnifiquement authentiques.<br \/>Des survivants, des marginaux, des voyageurs, des rebelles, des c\u0153urs sauvages... des \u00eatres humains sans complexe et sans artifice.<br \/>Une tribu qui ne demande jamais la permission de vivre pleinement.<\/p>\n\n<p>\u00a0<\/p>\n<p>Bienvenue chez la marque de ceux qui ne se cachent pas.<br \/>Bienvenue chez <strong>Lucky Bastards<\/strong>.<\/p>\n\t\t\t\t\t\t\t\t<\/div>\n\t\t\t\t\t<\/div>\n\t\t\t\t<\/div>\n\t\t\t\t<\/div>","protected":false},"excerpt":{"rendered":"<p>Lucky Bastards isn\u2019t just a label. It&#8217;s a signature, a statement \u2014 stitched into every thread. \u00a0 Created for the ones who move differently, [&hellip;]<\/p>","protected":false},"author":24,"featured_media":5623,"parent":0,"menu_order":0,"comment_status":"closed","ping_status":"closed","template":"","meta":{"_acf_changed":false,"footnotes":""},"class_list":["post-14018","page","type-page","status-publish","has-post-thumbnail","hentry"],"acf":{"choi\u0441e_menu_page":"global_settings","full_width":false,"header_transparent":false,"header_white":false,"menu_type_page":"default","menu_align_page":"default"},"_links":{"self":[{"href":"https:\/\/luckybastards.co\/fr\/wp-json\/wp\/v2\/pages\/14018","targetHints":{"allow":["GET"]}}],"collection":[{"href":"https:\/\/luckybastards.co\/fr\/wp-json\/wp\/v2\/pages"}],"about":[{"href":"https:\/\/luckybastards.co\/fr\/wp-json\/wp\/v2\/types\/page"}],"author":[{"embeddable":true,"href":"https:\/\/luckybastards.co\/fr\/wp-json\/wp\/v2\/users\/24"}],"replies":[{"embeddable":true,"href":"https:\/\/luckybastards.co\/fr\/wp-json\/wp\/v2\/comments?post=14018"}],"version-history":[{"count":26,"href":"https:\/\/luckybastards.co\/fr\/wp-json\/wp\/v2\/pages\/14018\/revisions"}],"predecessor-version":[{"id":14292,"href":"https:\/\/luckybastards.co\/fr\/wp-json\/wp\/v2\/pages\/14018\/revisions\/14292"}],"wp:featuredmedia":[{"embeddable":true,"href":"https:\/\/luckybastards.co\/fr\/wp-json\/"}],"wp:attachment":[{"href":"https:\/\/luckybastards.co\/fr\/wp-json\/wp\/v2\/media?parent=14018"}],"curies":[{"name":"wp","href":"https:\/\/api.w.org\/{rel}","templated":true}]}}